{"id":5865,"date":"2023-01-25T12:11:11","date_gmt":"2023-01-25T11:11:11","guid":{"rendered":"https:\/\/thermoplast.eu\/download\/warunki-handlowe-i-gwarancyjne\/"},"modified":"2025-05-13T18:49:12","modified_gmt":"2025-05-13T16:49:12","slug":"terms-and-conditions","status":"publish","type":"page","link":"https:\/\/thermoplast.eu\/ru\/download\/terms-and-conditions\/","title":{"rendered":"\u0423\u0441\u043b\u043e\u0432\u0438\u044f \u0441\u043e\u0442\u0440\u0443\u0434\u043d\u0438\u0447\u0435\u0441\u0442\u0432\u0430, \u0433\u0430\u0440\u0430\u043d\u0442\u0438\u044f, \u0440\u0435\u043a\u043b\u0430\u043c\u0430\u0446\u0438\u044f"},"content":{"rendered":"<div style='text-align:center' class='yasr-auto-insert-visitor'><!--Yasr Visitor Votes Shortcode--><div id='yasr_visitor_votes_0c9f7606e952e' class='yasr-visitor-votes'><div class=\"yasr-custom-text-vv-before yasr-custom-text-vv-before-5865\">Oce\u0144 artyku\u0142<\/div><div id='yasr-vv-second-row-container-0c9f7606e952e'\r\n                                        class='yasr-vv-second-row-container'><div id='yasr-visitor-votes-rater-0c9f7606e952e'\r\n                                      class='yasr-rater-stars-vv'\r\n                                      data-rater-postid='5865'\r\n                                      data-rating='0'\r\n                                      data-rater-starsize='24'\r\n                                      data-rater-readonly='false'\r\n                                      data-rater-nonce='b32fe01964'\r\n                                      data-issingular='false'\r\n                                    ><\/div><div class=\"yasr-vv-stats-text-container\" id=\"yasr-vv-stats-text-container-0c9f7606e952e\"><span id=\"yasr-vv-text-container-0c9f7606e952e\" class=\"yasr-vv-text-container\">[Wszystkich g\u0142os\u00f3w: <span id=\"yasr-vv-votes-number-container-0c9f7606e952e\">0<\/span> \u015arednia: <span id=\"yasr-vv-average-container-0c9f7606e952e\">0<\/span>]<\/span><\/div><div id='yasr-vv-loader-0c9f7606e952e' class='yasr-vv-container-loader'><\/div><\/div><div id='yasr-vv-bottom-container-0c9f7606e952e'\r\n                              class='yasr-vv-bottom-container'\r\n                              style='display:none'><\/div><\/div><!--End Yasr Visitor Votes Shortcode--><\/div>","protected":false},"excerpt":{"rendered":"<p>Oce\u0144 artyku\u0142[Wszystkich g\u0142os\u00f3w: 0 \u015arednia: 0]<\/p>\n","protected":false},"author":1,"featured_media":0,"parent":2220,"menu_order":0,"comment_status":"closed","ping_status":"closed","template":"","meta":{"yasr_overall_rating":0,"yasr_post_is_review":"","yasr_auto_insert_disabled":"","yasr_review_type":"","footnotes":""},"class_list":["post-5865","page","type-page","status-publish","hentry"],"yoast_head":"<!-- This site is optimized with the Yoast SEO plugin v27.4 - https:\/\/yoast.com\/product\/yoast-seo-wordpress\/ -->\n<title>\u0423\u0441\u043b\u043e\u0432\u0438\u044f \u0441\u043e\u0442\u0440\u0443\u0434\u043d\u0438\u0447\u0435\u0441\u0442\u0432\u0430, \u0433\u0430\u0440\u0430\u043d\u0442\u0438\u044f, \u0440\u0435\u043a\u043b\u0430\u043c\u0430\u0446\u0438\u044f<\/title>\n<meta name=\"description\" content=\"\u0421\u043c. \u0423\u0441\u043b\u043e\u0432\u0438\u044f \u0432\u0435\u0434\u0435\u043d\u0438\u044f \u0431\u0438\u0437\u043d\u0435\u0441\u0430 \u0438 \u0433\u0430\u0440\u0430\u043d\u0442\u0438\u0438, \u043f\u043e\u0434\u0433\u043e\u0442\u043e\u0432\u043b\u0435\u043d\u043d\u044b\u0435 \u043a\u043e\u043c\u043f\u0430\u043d\u0438\u0435\u0439 &quot;\u0422\u0435\u0440\u043c\u043e\u043f\u043b\u0430\u0441\u0442&quot;.\" \/>\n<meta name=\"robots\" content=\"index, follow, max-snippet:-1, max-image-preview:large, max-video-preview:-1\" \/>\n<link rel=\"canonical\" href=\"https:\/\/thermoplast.eu\/do-pobrania\/warunki-handlowe-i-gwarancyjne\/\" \/>\n<meta property=\"og:locale\" content=\"ru_RU\" \/>\n<meta property=\"og:type\" content=\"article\" \/>\n<meta property=\"og:title\" content=\"\u0423\u0441\u043b\u043e\u0432\u0438\u044f \u0441\u043e\u0442\u0440\u0443\u0434\u043d\u0438\u0447\u0435\u0441\u0442\u0432\u0430, \u0433\u0430\u0440\u0430\u043d\u0442\u0438\u044f, \u0440\u0435\u043a\u043b\u0430\u043c\u0430\u0446\u0438\u044f\" \/>\n<meta property=\"og:description\" content=\"\u0421\u043c. \u0423\u0441\u043b\u043e\u0432\u0438\u044f \u0432\u0435\u0434\u0435\u043d\u0438\u044f \u0431\u0438\u0437\u043d\u0435\u0441\u0430 \u0438 \u0433\u0430\u0440\u0430\u043d\u0442\u0438\u0438, \u043f\u043e\u0434\u0433\u043e\u0442\u043e\u0432\u043b\u0435\u043d\u043d\u044b\u0435 \u043a\u043e\u043c\u043f\u0430\u043d\u0438\u0435\u0439 &quot;\u0422\u0435\u0440\u043c\u043e\u043f\u043b\u0430\u0441\u0442&quot;.\" \/>\n<meta property=\"og:url\" content=\"https:\/\/thermoplast.eu\/do-pobrania\/warunki-handlowe-i-gwarancyjne\/\" \/>\n<meta property=\"og:site_name\" content=\"Thermoplast Super S.A.\" \/>\n<meta property=\"article:publisher\" content=\"https:\/\/www.facebook.com\/Thermoplast-Sp-z-oo-137147659682317\" \/>\n<meta property=\"article:modified_time\" content=\"2025-05-13T16:49:12+00:00\" \/>\n<meta name=\"twitter:card\" content=\"summary_large_image\" \/>\n<script type=\"application\/ld+json\" class=\"yoast-schema-graph\">{\"@context\":\"https:\\\/\\\/schema.org\",\"@graph\":[{\"@type\":\"WebPage\",\"@id\":\"https:\\\/\\\/thermoplast.eu\\\/do-pobrania\\\/warunki-handlowe-i-gwarancyjne\\\/\",\"url\":\"https:\\\/\\\/thermoplast.eu\\\/do-pobrania\\\/warunki-handlowe-i-gwarancyjne\\\/\",\"name\":\"\u0423\u0441\u043b\u043e\u0432\u0438\u044f \u0441\u043e\u0442\u0440\u0443\u0434\u043d\u0438\u0447\u0435\u0441\u0442\u0432\u0430, \u0433\u0430\u0440\u0430\u043d\u0442\u0438\u044f, \u0440\u0435\u043a\u043b\u0430\u043c\u0430\u0446\u0438\u044f\",\"isPartOf\":{\"@id\":\"https:\\\/\\\/thermoplast.eu\\\/#website\"},\"datePublished\":\"2023-01-25T11:11:11+00:00\",\"dateModified\":\"2025-05-13T16:49:12+00:00\",\"description\":\"\u0421\u043c. \u0423\u0441\u043b\u043e\u0432\u0438\u044f \u0432\u0435\u0434\u0435\u043d\u0438\u044f \u0431\u0438\u0437\u043d\u0435\u0441\u0430 \u0438 \u0433\u0430\u0440\u0430\u043d\u0442\u0438\u0438, \u043f\u043e\u0434\u0433\u043e\u0442\u043e\u0432\u043b\u0435\u043d\u043d\u044b\u0435 \u043a\u043e\u043c\u043f\u0430\u043d\u0438\u0435\u0439 \\\"\u0422\u0435\u0440\u043c\u043e\u043f\u043b\u0430\u0441\u0442\\\".\",\"breadcrumb\":{\"@id\":\"https:\\\/\\\/thermoplast.eu\\\/do-pobrania\\\/warunki-handlowe-i-gwarancyjne\\\/#breadcrumb\"},\"inLanguage\":\"ru-RU\",\"potentialAction\":[{\"@type\":\"ReadAction\",\"target\":[\"https:\\\/\\\/thermoplast.eu\\\/do-pobrania\\\/warunki-handlowe-i-gwarancyjne\\\/\"]}]},{\"@type\":\"BreadcrumbList\",\"@id\":\"https:\\\/\\\/thermoplast.eu\\\/do-pobrania\\\/warunki-handlowe-i-gwarancyjne\\\/#breadcrumb\",\"itemListElement\":[{\"@type\":\"ListItem\",\"position\":1,\"name\":\"Strona g\u0142\u00f3wna\",\"item\":\"https:\\\/\\\/thermoplast.eu\\\/ru\\\/\"},{\"@type\":\"ListItem\",\"position\":2,\"name\":\"\u0421\u041a\u0410\u0427\u0410\u0422\u042c\",\"item\":\"https:\\\/\\\/thermoplast.eu\\\/ru\\\/download\\\/\"},{\"@type\":\"ListItem\",\"position\":3,\"name\":\"\u0423\u0441\u043b\u043e\u0432\u0438\u044f \u0441\u043e\u0442\u0440\u0443\u0434\u043d\u0438\u0447\u0435\u0441\u0442\u0432\u0430, \u0433\u0430\u0440\u0430\u043d\u0442\u0438\u044f, \u0440\u0435\u043a\u043b\u0430\u043c\u0430\u0446\u0438\u044f\"}]},{\"@type\":\"WebSite\",\"@id\":\"https:\\\/\\\/thermoplast.eu\\\/#website\",\"url\":\"https:\\\/\\\/thermoplast.eu\\\/\",\"name\":\"Thermoplast Super S.A.\",\"description\":\"Producent profili z tworzyw sztucznych\",\"publisher\":{\"@id\":\"https:\\\/\\\/thermoplast.eu\\\/#organization\"},\"potentialAction\":[{\"@type\":\"SearchAction\",\"target\":{\"@type\":\"EntryPoint\",\"urlTemplate\":\"https:\\\/\\\/thermoplast.eu\\\/?s={search_term_string}\"},\"query-input\":{\"@type\":\"PropertyValueSpecification\",\"valueRequired\":true,\"valueName\":\"search_term_string\"}}],\"inLanguage\":\"ru-RU\"},{\"@type\":\"Organization\",\"@id\":\"https:\\\/\\\/thermoplast.eu\\\/#organization\",\"name\":\"Thermoplast Super S.A.\",\"url\":\"https:\\\/\\\/thermoplast.eu\\\/\",\"logo\":{\"@type\":\"ImageObject\",\"inLanguage\":\"ru-RU\",\"@id\":\"https:\\\/\\\/thermoplast.eu\\\/#\\\/schema\\\/logo\\\/image\\\/\",\"url\":\"https:\\\/\\\/thermoplast.eu\\\/wp-content\\\/uploads\\\/2017\\\/02\\\/logo_org.png\",\"contentUrl\":\"https:\\\/\\\/thermoplast.eu\\\/wp-content\\\/uploads\\\/2017\\\/02\\\/logo_org.png\",\"width\":469,\"height\":176,\"caption\":\"Thermoplast Super S.A.\"},\"image\":{\"@id\":\"https:\\\/\\\/thermoplast.eu\\\/#\\\/schema\\\/logo\\\/image\\\/\"},\"sameAs\":[\"https:\\\/\\\/www.facebook.com\\\/Thermoplast-Sp-z-oo-137147659682317\",\"https:\\\/\\\/www.linkedin.com\\\/company\\\/7250253\",\"https:\\\/\\\/www.youtube.com\\\/channel\\\/UCqu_qzsv1431IOAwbIojngA\"]},false]}<\/script>\n<!-- \/ Yoast SEO plugin. -->","yoast_head_json":{"title":"\u0423\u0441\u043b\u043e\u0432\u0438\u044f \u0441\u043e\u0442\u0440\u0443\u0434\u043d\u0438\u0447\u0435\u0441\u0442\u0432\u0430, \u0433\u0430\u0440\u0430\u043d\u0442\u0438\u044f, \u0440\u0435\u043a\u043b\u0430\u043c\u0430\u0446\u0438\u044f","description":"\u0421\u043c. \u0423\u0441\u043b\u043e\u0432\u0438\u044f \u0432\u0435\u0434\u0435\u043d\u0438\u044f \u0431\u0438\u0437\u043d\u0435\u0441\u0430 \u0438 \u0433\u0430\u0440\u0430\u043d\u0442\u0438\u0438, \u043f\u043e\u0434\u0433\u043e\u0442\u043e\u0432\u043b\u0435\u043d\u043d\u044b\u0435 \u043a\u043e\u043c\u043f\u0430\u043d\u0438\u0435\u0439 \"\u0422\u0435\u0440\u043c\u043e\u043f\u043b\u0430\u0441\u0442\".","robots":{"index":"index","follow":"follow","max-snippet":"max-snippet:-1","max-image-preview":"max-image-preview:large","max-video-preview":"max-video-preview:-1"},"canonical":"https:\/\/thermoplast.eu\/do-pobrania\/warunki-handlowe-i-gwarancyjne\/","og_locale":"ru_RU","og_type":"article","og_title":"\u0423\u0441\u043b\u043e\u0432\u0438\u044f \u0441\u043e\u0442\u0440\u0443\u0434\u043d\u0438\u0447\u0435\u0441\u0442\u0432\u0430, \u0433\u0430\u0440\u0430\u043d\u0442\u0438\u044f, \u0440\u0435\u043a\u043b\u0430\u043c\u0430\u0446\u0438\u044f","og_description":"\u0421\u043c. \u0423\u0441\u043b\u043e\u0432\u0438\u044f \u0432\u0435\u0434\u0435\u043d\u0438\u044f \u0431\u0438\u0437\u043d\u0435\u0441\u0430 \u0438 \u0433\u0430\u0440\u0430\u043d\u0442\u0438\u0438, \u043f\u043e\u0434\u0433\u043e\u0442\u043e\u0432\u043b\u0435\u043d\u043d\u044b\u0435 \u043a\u043e\u043c\u043f\u0430\u043d\u0438\u0435\u0439 \"\u0422\u0435\u0440\u043c\u043e\u043f\u043b\u0430\u0441\u0442\".","og_url":"https:\/\/thermoplast.eu\/do-pobrania\/warunki-handlowe-i-gwarancyjne\/","og_site_name":"Thermoplast Super S.A.","article_publisher":"https:\/\/www.facebook.com\/Thermoplast-Sp-z-oo-137147659682317","article_modified_time":"2025-05-13T16:49:12+00:00","twitter_card":"summary_large_image","schema":{"@context":"https:\/\/schema.org","@graph":[{"@type":"WebPage","@id":"https:\/\/thermoplast.eu\/do-pobrania\/warunki-handlowe-i-gwarancyjne\/","url":"https:\/\/thermoplast.eu\/do-pobrania\/warunki-handlowe-i-gwarancyjne\/","name":"\u0423\u0441\u043b\u043e\u0432\u0438\u044f \u0441\u043e\u0442\u0440\u0443\u0434\u043d\u0438\u0447\u0435\u0441\u0442\u0432\u0430, \u0433\u0430\u0440\u0430\u043d\u0442\u0438\u044f, \u0440\u0435\u043a\u043b\u0430\u043c\u0430\u0446\u0438\u044f","isPartOf":{"@id":"https:\/\/thermoplast.eu\/#website"},"datePublished":"2023-01-25T11:11:11+00:00","dateModified":"2025-05-13T16:49:12+00:00","description":"\u0421\u043c. \u0423\u0441\u043b\u043e\u0432\u0438\u044f \u0432\u0435\u0434\u0435\u043d\u0438\u044f \u0431\u0438\u0437\u043d\u0435\u0441\u0430 \u0438 \u0433\u0430\u0440\u0430\u043d\u0442\u0438\u0438, \u043f\u043e\u0434\u0433\u043e\u0442\u043e\u0432\u043b\u0435\u043d\u043d\u044b\u0435 \u043a\u043e\u043c\u043f\u0430\u043d\u0438\u0435\u0439 \"\u0422\u0435\u0440\u043c\u043e\u043f\u043b\u0430\u0441\u0442\".","breadcrumb":{"@id":"https:\/\/thermoplast.eu\/do-pobrania\/warunki-handlowe-i-gwarancyjne\/#breadcrumb"},"inLanguage":"ru-RU","potentialAction":[{"@type":"ReadAction","target":["https:\/\/thermoplast.eu\/do-pobrania\/warunki-handlowe-i-gwarancyjne\/"]}]},{"@type":"BreadcrumbList","@id":"https:\/\/thermoplast.eu\/do-pobrania\/warunki-handlowe-i-gwarancyjne\/#breadcrumb","itemListElement":[{"@type":"ListItem","position":1,"name":"Strona g\u0142\u00f3wna","item":"https:\/\/thermoplast.eu\/ru\/"},{"@type":"ListItem","position":2,"name":"\u0421\u041a\u0410\u0427\u0410\u0422\u042c","item":"https:\/\/thermoplast.eu\/ru\/download\/"},{"@type":"ListItem","position":3,"name":"\u0423\u0441\u043b\u043e\u0432\u0438\u044f \u0441\u043e\u0442\u0440\u0443\u0434\u043d\u0438\u0447\u0435\u0441\u0442\u0432\u0430, \u0433\u0430\u0440\u0430\u043d\u0442\u0438\u044f, \u0440\u0435\u043a\u043b\u0430\u043c\u0430\u0446\u0438\u044f"}]},{"@type":"WebSite","@id":"https:\/\/thermoplast.eu\/#website","url":"https:\/\/thermoplast.eu\/","name":"Thermoplast Super S.A.","description":"Producent profili z tworzyw sztucznych","publisher":{"@id":"https:\/\/thermoplast.eu\/#organization"},"potentialAction":[{"@type":"SearchAction","target":{"@type":"EntryPoint","urlTemplate":"https:\/\/thermoplast.eu\/?s={search_term_string}"},"query-input":{"@type":"PropertyValueSpecification","valueRequired":true,"valueName":"search_term_string"}}],"inLanguage":"ru-RU"},{"@type":"Organization","@id":"https:\/\/thermoplast.eu\/#organization","name":"Thermoplast Super S.A.","url":"https:\/\/thermoplast.eu\/","logo":{"@type":"ImageObject","inLanguage":"ru-RU","@id":"https:\/\/thermoplast.eu\/#\/schema\/logo\/image\/","url":"https:\/\/thermoplast.eu\/wp-content\/uploads\/2017\/02\/logo_org.png","contentUrl":"https:\/\/thermoplast.eu\/wp-content\/uploads\/2017\/02\/logo_org.png","width":469,"height":176,"caption":"Thermoplast Super S.A."},"image":{"@id":"https:\/\/thermoplast.eu\/#\/schema\/logo\/image\/"},"sameAs":["https:\/\/www.facebook.com\/Thermoplast-Sp-z-oo-137147659682317","https:\/\/www.linkedin.com\/company\/7250253","https:\/\/www.youtube.com\/channel\/UCqu_qzsv1431IOAwbIojngA"]},false]}},"yasr_visitor_votes":{"stars_attributes":{"read_only":false,"span_bottom":false},"number_of_votes":0,"sum_votes":0},"_links":{"self":[{"href":"https:\/\/thermoplast.eu\/ru\/wp-json\/wp\/v2\/pages\/5865","targetHints":{"allow":["GET"]}}],"collection":[{"href":"https:\/\/thermoplast.eu\/ru\/wp-json\/wp\/v2\/pages"}],"about":[{"href":"https:\/\/thermoplast.eu\/ru\/wp-json\/wp\/v2\/types\/page"}],"author":[{"embeddable":true,"href":"https:\/\/thermoplast.eu\/ru\/wp-json\/wp\/v2\/users\/1"}],"replies":[{"embeddable":true,"href":"https:\/\/thermoplast.eu\/ru\/wp-json\/wp\/v2\/comments?post=5865"}],"version-history":[{"count":2,"href":"https:\/\/thermoplast.eu\/ru\/wp-json\/wp\/v2\/pages\/5865\/revisions"}],"predecessor-version":[{"id":5878,"href":"https:\/\/thermoplast.eu\/ru\/wp-json\/wp\/v2\/pages\/5865\/revisions\/5878"}],"up":[{"embeddable":true,"href":"https:\/\/thermoplast.eu\/ru\/wp-json\/wp\/v2\/pages\/2220"}],"wp:attachment":[{"href":"https:\/\/thermoplast.eu\/ru\/wp-json\/wp\/v2\/media?parent=5865"}],"curies":[{"name":"wp","href":"https:\/\/api.w.org\/{rel}","templated":true}]}}