{"id":5027,"date":"2021-06-14T07:27:11","date_gmt":"2021-06-14T05:27:11","guid":{"rendered":"https:\/\/thermoplast.eu\/products\/fence-strip\/system-the-guard\/"},"modified":"2024-08-30T09:42:39","modified_gmt":"2024-08-30T07:42:39","slug":"system-the-guard","status":"publish","type":"page","link":"https:\/\/thermoplast.eu\/ru\/products\/fence-strip\/system-the-guard\/","title":{"rendered":"\u0421\u0418\u0421\u0422\u0415\u041c\u0410 THE GUARD"},"content":{"rendered":"<div style='text-align:center' class='yasr-auto-insert-visitor'><!--Yasr Visitor Votes Shortcode--><div id='yasr_visitor_votes_2fee00e737961' class='yasr-visitor-votes'><div class=\"yasr-custom-text-vv-before yasr-custom-text-vv-before-5027\">Oce\u0144 artyku\u0142<\/div><div id='yasr-vv-second-row-container-2fee00e737961'\r\n                                        class='yasr-vv-second-row-container'><div id='yasr-visitor-votes-rater-2fee00e737961'\r\n                                      class='yasr-rater-stars-vv'\r\n                                      data-rater-postid='5027'\r\n                                      data-rating='0'\r\n                                      data-rater-starsize='24'\r\n                                      data-rater-readonly='false'\r\n                                      data-rater-nonce='319fa431c9'\r\n                                      data-issingular='false'\r\n                                    ><\/div><div class=\"yasr-vv-stats-text-container\" id=\"yasr-vv-stats-text-container-2fee00e737961\"><span id=\"yasr-vv-text-container-2fee00e737961\" class=\"yasr-vv-text-container\">[Wszystkich g\u0142os\u00f3w: <span id=\"yasr-vv-votes-number-container-2fee00e737961\">0<\/span> \u015arednia: <span id=\"yasr-vv-average-container-2fee00e737961\">0<\/span>]<\/span><\/div><div id='yasr-vv-loader-2fee00e737961' class='yasr-vv-container-loader'><\/div><\/div><div id='yasr-vv-bottom-container-2fee00e737961'\r\n                              class='yasr-vv-bottom-container'\r\n                              style='display:none'><\/div><\/div><!--End Yasr Visitor Votes Shortcode--><\/div>","protected":false},"excerpt":{"rendered":"<p>Oce\u0144 artyku\u0142[Wszystkich g\u0142os\u00f3w: 0 \u015arednia: 0]<\/p>\n","protected":false},"author":1,"featured_media":4752,"parent":4973,"menu_order":0,"comment_status":"closed","ping_status":"closed","template":"","meta":{"yasr_overall_rating":0,"yasr_post_is_review":"","yasr_auto_insert_disabled":"","yasr_review_type":"","footnotes":""},"class_list":["post-5027","page","type-page","status-publish","has-post-thumbnail","hentry"],"yoast_head":"<!-- This site is optimized with the Yoast SEO plugin v27.4 - https:\/\/yoast.com\/product\/yoast-seo-wordpress\/ -->\n<title>\u0421\u0418\u0421\u0422\u0415\u041c\u0410 THE GUARD - Thermoplast Super S.A.<\/title>\n<meta name=\"description\" content=\"System The Guard jest innowacyjnym rozwi\u0105zaniem do ogrodze\u0144 na rynku polskim, nowoczesny, unikalny wygl\u0105d a jednocze\u015bnie solidna os\u0142ona...\" \/>\n<meta name=\"robots\" content=\"index, follow, max-snippet:-1, max-image-preview:large, max-video-preview:-1\" \/>\n<link rel=\"canonical\" href=\"https:\/\/thermoplast.eu\/produkty\/tasmy-ogrodzeniowe\/system-the-guard\/\" \/>\n<meta property=\"og:locale\" content=\"ru_RU\" \/>\n<meta property=\"og:type\" content=\"article\" \/>\n<meta property=\"og:title\" content=\"\u0421\u0418\u0421\u0422\u0415\u041c\u0410 THE GUARD - Thermoplast Super S.A.\" \/>\n<meta property=\"og:description\" content=\"System The Guard jest innowacyjnym rozwi\u0105zaniem do ogrodze\u0144 na rynku polskim, nowoczesny, unikalny wygl\u0105d a jednocze\u015bnie solidna os\u0142ona...\" \/>\n<meta property=\"og:url\" content=\"https:\/\/thermoplast.eu\/produkty\/tasmy-ogrodzeniowe\/system-the-guard\/\" \/>\n<meta property=\"og:site_name\" content=\"Thermoplast Super S.A.\" \/>\n<meta property=\"article:publisher\" content=\"https:\/\/www.facebook.com\/Thermoplast-Sp-z-oo-137147659682317\" \/>\n<meta property=\"article:modified_time\" content=\"2024-08-30T07:42:39+00:00\" \/>\n<meta property=\"og:image\" content=\"https:\/\/thermoplast.eu\/wp-content\/uploads\/2021\/06\/fb-theguard.jpg\" \/>\n\t<meta property=\"og:image:width\" content=\"820\" \/>\n\t<meta property=\"og:image:height\" content=\"360\" \/>\n\t<meta property=\"og:image:type\" content=\"image\/jpeg\" \/>\n<meta name=\"twitter:card\" content=\"summary_large_image\" \/>\n<script type=\"application\/ld+json\" class=\"yoast-schema-graph\">{\"@context\":\"https:\\\/\\\/schema.org\",\"@graph\":[{\"@type\":\"WebPage\",\"@id\":\"https:\\\/\\\/thermoplast.eu\\\/produkty\\\/tasmy-ogrodzeniowe\\\/system-the-guard\\\/\",\"url\":\"https:\\\/\\\/thermoplast.eu\\\/produkty\\\/tasmy-ogrodzeniowe\\\/system-the-guard\\\/\",\"name\":\"\u0421\u0418\u0421\u0422\u0415\u041c\u0410 THE GUARD - Thermoplast Super S.A.\",\"isPartOf\":{\"@id\":\"https:\\\/\\\/thermoplast.eu\\\/#website\"},\"primaryImageOfPage\":{\"@id\":\"https:\\\/\\\/thermoplast.eu\\\/produkty\\\/tasmy-ogrodzeniowe\\\/system-the-guard\\\/#primaryimage\"},\"image\":{\"@id\":\"https:\\\/\\\/thermoplast.eu\\\/produkty\\\/tasmy-ogrodzeniowe\\\/system-the-guard\\\/#primaryimage\"},\"thumbnailUrl\":\"https:\\\/\\\/thermoplast.eu\\\/wp-content\\\/uploads\\\/2021\\\/06\\\/fb-theguard.jpg\",\"datePublished\":\"2021-06-14T05:27:11+00:00\",\"dateModified\":\"2024-08-30T07:42:39+00:00\",\"description\":\"System The Guard jest innowacyjnym rozwi\u0105zaniem do ogrodze\u0144 na rynku polskim, nowoczesny, unikalny wygl\u0105d a jednocze\u015bnie solidna os\u0142ona...\",\"breadcrumb\":{\"@id\":\"https:\\\/\\\/thermoplast.eu\\\/produkty\\\/tasmy-ogrodzeniowe\\\/system-the-guard\\\/#breadcrumb\"},\"inLanguage\":\"ru-RU\",\"potentialAction\":[{\"@type\":\"ReadAction\",\"target\":[\"https:\\\/\\\/thermoplast.eu\\\/produkty\\\/tasmy-ogrodzeniowe\\\/system-the-guard\\\/\"]}]},{\"@type\":\"ImageObject\",\"inLanguage\":\"ru-RU\",\"@id\":\"https:\\\/\\\/thermoplast.eu\\\/produkty\\\/tasmy-ogrodzeniowe\\\/system-the-guard\\\/#primaryimage\",\"url\":\"https:\\\/\\\/thermoplast.eu\\\/wp-content\\\/uploads\\\/2021\\\/06\\\/fb-theguard.jpg\",\"contentUrl\":\"https:\\\/\\\/thermoplast.eu\\\/wp-content\\\/uploads\\\/2021\\\/06\\\/fb-theguard.jpg\",\"width\":820,\"height\":360,\"caption\":\"fb-theguard\"},{\"@type\":\"BreadcrumbList\",\"@id\":\"https:\\\/\\\/thermoplast.eu\\\/produkty\\\/tasmy-ogrodzeniowe\\\/system-the-guard\\\/#breadcrumb\",\"itemListElement\":[{\"@type\":\"ListItem\",\"position\":1,\"name\":\"Strona g\u0142\u00f3wna\",\"item\":\"https:\\\/\\\/thermoplast.eu\\\/ru\\\/\"},{\"@type\":\"ListItem\",\"position\":2,\"name\":\"\u041e\u0421\u041d\u041e\u0412\u041d\u042b\u0415 \u0413\u0420\u0423\u041f\u041f\u042b \u041f\u0420\u041e\u0414\u0423\u041a\u0422\u041e\u0412\",\"item\":\"https:\\\/\\\/thermoplast.eu\\\/ru\\\/products\\\/\"},{\"@type\":\"ListItem\",\"position\":3,\"name\":\"\u0417\u0410\u0411\u041e\u0420\u041d\u042b\u0415 \u041b\u0415\u041d\u0422\u042b\",\"item\":\"https:\\\/\\\/thermoplast.eu\\\/produkty\\\/tasmy-ogrodzeniowe\\\/\"},{\"@type\":\"ListItem\",\"position\":4,\"name\":\"\u0421\u0418\u0421\u0422\u0415\u041c\u0410 THE GUARD\"}]},{\"@type\":\"WebSite\",\"@id\":\"https:\\\/\\\/thermoplast.eu\\\/#website\",\"url\":\"https:\\\/\\\/thermoplast.eu\\\/\",\"name\":\"Thermoplast Super S.A.\",\"description\":\"Producent profili z tworzyw sztucznych\",\"publisher\":{\"@id\":\"https:\\\/\\\/thermoplast.eu\\\/#organization\"},\"potentialAction\":[{\"@type\":\"SearchAction\",\"target\":{\"@type\":\"EntryPoint\",\"urlTemplate\":\"https:\\\/\\\/thermoplast.eu\\\/?s={search_term_string}\"},\"query-input\":{\"@type\":\"PropertyValueSpecification\",\"valueRequired\":true,\"valueName\":\"search_term_string\"}}],\"inLanguage\":\"ru-RU\"},{\"@type\":\"Organization\",\"@id\":\"https:\\\/\\\/thermoplast.eu\\\/#organization\",\"name\":\"Thermoplast Super S.A.\",\"url\":\"https:\\\/\\\/thermoplast.eu\\\/\",\"logo\":{\"@type\":\"ImageObject\",\"inLanguage\":\"ru-RU\",\"@id\":\"https:\\\/\\\/thermoplast.eu\\\/#\\\/schema\\\/logo\\\/image\\\/\",\"url\":\"https:\\\/\\\/thermoplast.eu\\\/wp-content\\\/uploads\\\/2017\\\/02\\\/logo_org.png\",\"contentUrl\":\"https:\\\/\\\/thermoplast.eu\\\/wp-content\\\/uploads\\\/2017\\\/02\\\/logo_org.png\",\"width\":469,\"height\":176,\"caption\":\"Thermoplast Super S.A.\"},\"image\":{\"@id\":\"https:\\\/\\\/thermoplast.eu\\\/#\\\/schema\\\/logo\\\/image\\\/\"},\"sameAs\":[\"https:\\\/\\\/www.facebook.com\\\/Thermoplast-Sp-z-oo-137147659682317\",\"https:\\\/\\\/www.linkedin.com\\\/company\\\/7250253\",\"https:\\\/\\\/www.youtube.com\\\/channel\\\/UCqu_qzsv1431IOAwbIojngA\"]},false]}<\/script>\n<!-- \/ Yoast SEO plugin. -->","yoast_head_json":{"title":"\u0421\u0418\u0421\u0422\u0415\u041c\u0410 THE GUARD - Thermoplast Super S.A.","description":"System The Guard jest innowacyjnym rozwi\u0105zaniem do ogrodze\u0144 na rynku polskim, nowoczesny, unikalny wygl\u0105d a jednocze\u015bnie solidna os\u0142ona...","robots":{"index":"index","follow":"follow","max-snippet":"max-snippet:-1","max-image-preview":"max-image-preview:large","max-video-preview":"max-video-preview:-1"},"canonical":"https:\/\/thermoplast.eu\/produkty\/tasmy-ogrodzeniowe\/system-the-guard\/","og_locale":"ru_RU","og_type":"article","og_title":"\u0421\u0418\u0421\u0422\u0415\u041c\u0410 THE GUARD - Thermoplast Super S.A.","og_description":"System The Guard jest innowacyjnym rozwi\u0105zaniem do ogrodze\u0144 na rynku polskim, nowoczesny, unikalny wygl\u0105d a jednocze\u015bnie solidna os\u0142ona...","og_url":"https:\/\/thermoplast.eu\/produkty\/tasmy-ogrodzeniowe\/system-the-guard\/","og_site_name":"Thermoplast Super S.A.","article_publisher":"https:\/\/www.facebook.com\/Thermoplast-Sp-z-oo-137147659682317","article_modified_time":"2024-08-30T07:42:39+00:00","og_image":[{"width":820,"height":360,"url":"https:\/\/thermoplast.eu\/wp-content\/uploads\/2021\/06\/fb-theguard.jpg","type":"image\/jpeg"}],"twitter_card":"summary_large_image","schema":{"@context":"https:\/\/schema.org","@graph":[{"@type":"WebPage","@id":"https:\/\/thermoplast.eu\/produkty\/tasmy-ogrodzeniowe\/system-the-guard\/","url":"https:\/\/thermoplast.eu\/produkty\/tasmy-ogrodzeniowe\/system-the-guard\/","name":"\u0421\u0418\u0421\u0422\u0415\u041c\u0410 THE GUARD - Thermoplast Super S.A.","isPartOf":{"@id":"https:\/\/thermoplast.eu\/#website"},"primaryImageOfPage":{"@id":"https:\/\/thermoplast.eu\/produkty\/tasmy-ogrodzeniowe\/system-the-guard\/#primaryimage"},"image":{"@id":"https:\/\/thermoplast.eu\/produkty\/tasmy-ogrodzeniowe\/system-the-guard\/#primaryimage"},"thumbnailUrl":"https:\/\/thermoplast.eu\/wp-content\/uploads\/2021\/06\/fb-theguard.jpg","datePublished":"2021-06-14T05:27:11+00:00","dateModified":"2024-08-30T07:42:39+00:00","description":"System The Guard jest innowacyjnym rozwi\u0105zaniem do ogrodze\u0144 na rynku polskim, nowoczesny, unikalny wygl\u0105d a jednocze\u015bnie solidna os\u0142ona...","breadcrumb":{"@id":"https:\/\/thermoplast.eu\/produkty\/tasmy-ogrodzeniowe\/system-the-guard\/#breadcrumb"},"inLanguage":"ru-RU","potentialAction":[{"@type":"ReadAction","target":["https:\/\/thermoplast.eu\/produkty\/tasmy-ogrodzeniowe\/system-the-guard\/"]}]},{"@type":"ImageObject","inLanguage":"ru-RU","@id":"https:\/\/thermoplast.eu\/produkty\/tasmy-ogrodzeniowe\/system-the-guard\/#primaryimage","url":"https:\/\/thermoplast.eu\/wp-content\/uploads\/2021\/06\/fb-theguard.jpg","contentUrl":"https:\/\/thermoplast.eu\/wp-content\/uploads\/2021\/06\/fb-theguard.jpg","width":820,"height":360,"caption":"fb-theguard"},{"@type":"BreadcrumbList","@id":"https:\/\/thermoplast.eu\/produkty\/tasmy-ogrodzeniowe\/system-the-guard\/#breadcrumb","itemListElement":[{"@type":"ListItem","position":1,"name":"Strona g\u0142\u00f3wna","item":"https:\/\/thermoplast.eu\/ru\/"},{"@type":"ListItem","position":2,"name":"\u041e\u0421\u041d\u041e\u0412\u041d\u042b\u0415 \u0413\u0420\u0423\u041f\u041f\u042b \u041f\u0420\u041e\u0414\u0423\u041a\u0422\u041e\u0412","item":"https:\/\/thermoplast.eu\/ru\/products\/"},{"@type":"ListItem","position":3,"name":"\u0417\u0410\u0411\u041e\u0420\u041d\u042b\u0415 \u041b\u0415\u041d\u0422\u042b","item":"https:\/\/thermoplast.eu\/produkty\/tasmy-ogrodzeniowe\/"},{"@type":"ListItem","position":4,"name":"\u0421\u0418\u0421\u0422\u0415\u041c\u0410 THE GUARD"}]},{"@type":"WebSite","@id":"https:\/\/thermoplast.eu\/#website","url":"https:\/\/thermoplast.eu\/","name":"Thermoplast Super S.A.","description":"Producent profili z tworzyw sztucznych","publisher":{"@id":"https:\/\/thermoplast.eu\/#organization"},"potentialAction":[{"@type":"SearchAction","target":{"@type":"EntryPoint","urlTemplate":"https:\/\/thermoplast.eu\/?s={search_term_string}"},"query-input":{"@type":"PropertyValueSpecification","valueRequired":true,"valueName":"search_term_string"}}],"inLanguage":"ru-RU"},{"@type":"Organization","@id":"https:\/\/thermoplast.eu\/#organization","name":"Thermoplast Super S.A.","url":"https:\/\/thermoplast.eu\/","logo":{"@type":"ImageObject","inLanguage":"ru-RU","@id":"https:\/\/thermoplast.eu\/#\/schema\/logo\/image\/","url":"https:\/\/thermoplast.eu\/wp-content\/uploads\/2017\/02\/logo_org.png","contentUrl":"https:\/\/thermoplast.eu\/wp-content\/uploads\/2017\/02\/logo_org.png","width":469,"height":176,"caption":"Thermoplast Super S.A."},"image":{"@id":"https:\/\/thermoplast.eu\/#\/schema\/logo\/image\/"},"sameAs":["https:\/\/www.facebook.com\/Thermoplast-Sp-z-oo-137147659682317","https:\/\/www.linkedin.com\/company\/7250253","https:\/\/www.youtube.com\/channel\/UCqu_qzsv1431IOAwbIojngA"]},false]}},"yasr_visitor_votes":{"stars_attributes":{"read_only":false,"span_bottom":false},"number_of_votes":0,"sum_votes":0},"_links":{"self":[{"href":"https:\/\/thermoplast.eu\/ru\/wp-json\/wp\/v2\/pages\/5027","targetHints":{"allow":["GET"]}}],"collection":[{"href":"https:\/\/thermoplast.eu\/ru\/wp-json\/wp\/v2\/pages"}],"about":[{"href":"https:\/\/thermoplast.eu\/ru\/wp-json\/wp\/v2\/types\/page"}],"author":[{"embeddable":true,"href":"https:\/\/thermoplast.eu\/ru\/wp-json\/wp\/v2\/users\/1"}],"replies":[{"embeddable":true,"href":"https:\/\/thermoplast.eu\/ru\/wp-json\/wp\/v2\/comments?post=5027"}],"version-history":[{"count":4,"href":"https:\/\/thermoplast.eu\/ru\/wp-json\/wp\/v2\/pages\/5027\/revisions"}],"predecessor-version":[{"id":5053,"href":"https:\/\/thermoplast.eu\/ru\/wp-json\/wp\/v2\/pages\/5027\/revisions\/5053"}],"up":[{"embeddable":true,"href":"https:\/\/thermoplast.eu\/ru\/wp-json\/wp\/v2\/pages\/4973"}],"wp:featuredmedia":[{"embeddable":true,"href":"https:\/\/thermoplast.eu\/ru\/wp-json\/wp\/v2\/media\/4752"}],"wp:attachment":[{"href":"https:\/\/thermoplast.eu\/ru\/wp-json\/wp\/v2\/media?parent=5027"}],"curies":[{"name":"wp","href":"https:\/\/api.w.org\/{rel}","templated":true}]}}