{"id":4973,"date":"2021-06-08T08:11:24","date_gmt":"2021-06-08T06:11:24","guid":{"rendered":"https:\/\/thermoplast.eu\/products\/tasmy-ogrodzeniowe\/"},"modified":"2024-02-11T18:19:34","modified_gmt":"2024-02-11T17:19:34","slug":"fence-strip","status":"publish","type":"page","link":"https:\/\/thermoplast.eu\/ru\/products\/fence-strip\/","title":{"rendered":"\u0417\u0410\u0411\u041e\u0420\u041d\u042b\u0415 \u041b\u0415\u041d\u0422\u042b"},"content":{"rendered":"<div style='text-align:center' class='yasr-auto-insert-visitor'><!--Yasr Visitor Votes Shortcode--><div id='yasr_visitor_votes_9eb8ca834d160' class='yasr-visitor-votes'><div class=\"yasr-custom-text-vv-before yasr-custom-text-vv-before-4973\">Oce\u0144 artyku\u0142<\/div><div id='yasr-vv-second-row-container-9eb8ca834d160'\r\n                                        class='yasr-vv-second-row-container'><div id='yasr-visitor-votes-rater-9eb8ca834d160'\r\n                                      class='yasr-rater-stars-vv'\r\n                                      data-rater-postid='4973'\r\n                                      data-rating='0'\r\n                                      data-rater-starsize='24'\r\n                                      data-rater-readonly='false'\r\n                                      data-rater-nonce='705e59d185'\r\n                                      data-issingular='false'\r\n                                    ><\/div><div class=\"yasr-vv-stats-text-container\" id=\"yasr-vv-stats-text-container-9eb8ca834d160\"><span id=\"yasr-vv-text-container-9eb8ca834d160\" class=\"yasr-vv-text-container\">[Wszystkich g\u0142os\u00f3w: <span id=\"yasr-vv-votes-number-container-9eb8ca834d160\">0<\/span> \u015arednia: <span id=\"yasr-vv-average-container-9eb8ca834d160\">0<\/span>]<\/span><\/div><div id='yasr-vv-loader-9eb8ca834d160' class='yasr-vv-container-loader'><\/div><\/div><div id='yasr-vv-bottom-container-9eb8ca834d160'\r\n                              class='yasr-vv-bottom-container'\r\n                              style='display:none'><\/div><\/div><!--End Yasr Visitor Votes Shortcode--><\/div>","protected":false},"excerpt":{"rendered":"<p>Oce\u0144 artyku\u0142[Wszystkich g\u0142os\u00f3w: 0 \u015arednia: 0]<\/p>\n","protected":false},"author":1,"featured_media":4763,"parent":1620,"menu_order":0,"comment_status":"closed","ping_status":"closed","template":"","meta":{"yasr_overall_rating":0,"yasr_post_is_review":"","yasr_auto_insert_disabled":"","yasr_review_type":"","footnotes":""},"class_list":["post-4973","page","type-page","status-publish","has-post-thumbnail","hentry"],"yoast_head":"<!-- This site is optimized with the Yoast SEO plugin v27.4 - https:\/\/yoast.com\/product\/yoast-seo-wordpress\/ -->\n<title>\u0417\u0410\u0411\u041e\u0420\u041d\u042b\u0415 \u041b\u0415\u041d\u0422\u042b - Thermoplast Super S.A.<\/title>\n<meta name=\"description\" content=\"Ta\u015bmy ogrodzeniowe Thermoplast\u00ae pozwalaj\u0105 na stworzenie nowoczesnych, estetycznych i funkcjonalnych system\u00f3w ogrodze\u0144...\" \/>\n<meta name=\"robots\" content=\"index, follow, max-snippet:-1, max-image-preview:large, max-video-preview:-1\" \/>\n<link rel=\"canonical\" href=\"https:\/\/thermoplast.eu\/produkty\/tasmy-ogrodzeniowe\/\" \/>\n<meta property=\"og:locale\" content=\"ru_RU\" \/>\n<meta property=\"og:type\" content=\"article\" \/>\n<meta property=\"og:title\" content=\"\u0417\u0410\u0411\u041e\u0420\u041d\u042b\u0415 \u041b\u0415\u041d\u0422\u042b - Thermoplast Super S.A.\" \/>\n<meta property=\"og:description\" content=\"Ta\u015bmy ogrodzeniowe Thermoplast\u00ae pozwalaj\u0105 na stworzenie nowoczesnych, estetycznych i funkcjonalnych system\u00f3w ogrodze\u0144...\" \/>\n<meta property=\"og:url\" content=\"https:\/\/thermoplast.eu\/produkty\/tasmy-ogrodzeniowe\/\" \/>\n<meta property=\"og:site_name\" content=\"Thermoplast Super S.A.\" \/>\n<meta property=\"article:publisher\" content=\"https:\/\/www.facebook.com\/Thermoplast-Sp-z-oo-137147659682317\" \/>\n<meta property=\"article:modified_time\" content=\"2024-02-11T17:19:34+00:00\" \/>\n<meta property=\"og:image\" content=\"https:\/\/thermoplast.eu\/wp-content\/uploads\/2021\/06\/fb-tasmy.jpg\" \/>\n\t<meta property=\"og:image:width\" content=\"820\" \/>\n\t<meta property=\"og:image:height\" content=\"360\" \/>\n\t<meta property=\"og:image:type\" content=\"image\/jpeg\" \/>\n<meta name=\"twitter:card\" content=\"summary_large_image\" \/>\n<script type=\"application\/ld+json\" class=\"yoast-schema-graph\">{\"@context\":\"https:\\\/\\\/schema.org\",\"@graph\":[{\"@type\":\"WebPage\",\"@id\":\"https:\\\/\\\/thermoplast.eu\\\/produkty\\\/tasmy-ogrodzeniowe\\\/\",\"url\":\"https:\\\/\\\/thermoplast.eu\\\/produkty\\\/tasmy-ogrodzeniowe\\\/\",\"name\":\"\u0417\u0410\u0411\u041e\u0420\u041d\u042b\u0415 \u041b\u0415\u041d\u0422\u042b - Thermoplast Super S.A.\",\"isPartOf\":{\"@id\":\"https:\\\/\\\/thermoplast.eu\\\/#website\"},\"primaryImageOfPage\":{\"@id\":\"https:\\\/\\\/thermoplast.eu\\\/produkty\\\/tasmy-ogrodzeniowe\\\/#primaryimage\"},\"image\":{\"@id\":\"https:\\\/\\\/thermoplast.eu\\\/produkty\\\/tasmy-ogrodzeniowe\\\/#primaryimage\"},\"thumbnailUrl\":\"https:\\\/\\\/thermoplast.eu\\\/wp-content\\\/uploads\\\/2021\\\/06\\\/fb-tasmy.jpg\",\"datePublished\":\"2021-06-08T06:11:24+00:00\",\"dateModified\":\"2024-02-11T17:19:34+00:00\",\"description\":\"Ta\u015bmy ogrodzeniowe Thermoplast\u00ae pozwalaj\u0105 na stworzenie nowoczesnych, estetycznych i funkcjonalnych system\u00f3w ogrodze\u0144...\",\"breadcrumb\":{\"@id\":\"https:\\\/\\\/thermoplast.eu\\\/produkty\\\/tasmy-ogrodzeniowe\\\/#breadcrumb\"},\"inLanguage\":\"ru-RU\",\"potentialAction\":[{\"@type\":\"ReadAction\",\"target\":[\"https:\\\/\\\/thermoplast.eu\\\/produkty\\\/tasmy-ogrodzeniowe\\\/\"]}]},{\"@type\":\"ImageObject\",\"inLanguage\":\"ru-RU\",\"@id\":\"https:\\\/\\\/thermoplast.eu\\\/produkty\\\/tasmy-ogrodzeniowe\\\/#primaryimage\",\"url\":\"https:\\\/\\\/thermoplast.eu\\\/wp-content\\\/uploads\\\/2021\\\/06\\\/fb-tasmy.jpg\",\"contentUrl\":\"https:\\\/\\\/thermoplast.eu\\\/wp-content\\\/uploads\\\/2021\\\/06\\\/fb-tasmy.jpg\",\"width\":820,\"height\":360,\"caption\":\"fb-tasmy\"},{\"@type\":\"BreadcrumbList\",\"@id\":\"https:\\\/\\\/thermoplast.eu\\\/produkty\\\/tasmy-ogrodzeniowe\\\/#breadcrumb\",\"itemListElement\":[{\"@type\":\"ListItem\",\"position\":1,\"name\":\"Strona g\u0142\u00f3wna\",\"item\":\"https:\\\/\\\/thermoplast.eu\\\/ru\\\/\"},{\"@type\":\"ListItem\",\"position\":2,\"name\":\"\u041e\u0421\u041d\u041e\u0412\u041d\u042b\u0415 \u0413\u0420\u0423\u041f\u041f\u042b \u041f\u0420\u041e\u0414\u0423\u041a\u0422\u041e\u0412\",\"item\":\"https:\\\/\\\/thermoplast.eu\\\/ru\\\/products\\\/\"},{\"@type\":\"ListItem\",\"position\":3,\"name\":\"\u0417\u0410\u0411\u041e\u0420\u041d\u042b\u0415 \u041b\u0415\u041d\u0422\u042b\"}]},{\"@type\":\"WebSite\",\"@id\":\"https:\\\/\\\/thermoplast.eu\\\/#website\",\"url\":\"https:\\\/\\\/thermoplast.eu\\\/\",\"name\":\"Thermoplast Super S.A.\",\"description\":\"Producent profili z tworzyw sztucznych\",\"publisher\":{\"@id\":\"https:\\\/\\\/thermoplast.eu\\\/#organization\"},\"potentialAction\":[{\"@type\":\"SearchAction\",\"target\":{\"@type\":\"EntryPoint\",\"urlTemplate\":\"https:\\\/\\\/thermoplast.eu\\\/?s={search_term_string}\"},\"query-input\":{\"@type\":\"PropertyValueSpecification\",\"valueRequired\":true,\"valueName\":\"search_term_string\"}}],\"inLanguage\":\"ru-RU\"},{\"@type\":\"Organization\",\"@id\":\"https:\\\/\\\/thermoplast.eu\\\/#organization\",\"name\":\"Thermoplast Super S.A.\",\"url\":\"https:\\\/\\\/thermoplast.eu\\\/\",\"logo\":{\"@type\":\"ImageObject\",\"inLanguage\":\"ru-RU\",\"@id\":\"https:\\\/\\\/thermoplast.eu\\\/#\\\/schema\\\/logo\\\/image\\\/\",\"url\":\"https:\\\/\\\/thermoplast.eu\\\/wp-content\\\/uploads\\\/2017\\\/02\\\/logo_org.png\",\"contentUrl\":\"https:\\\/\\\/thermoplast.eu\\\/wp-content\\\/uploads\\\/2017\\\/02\\\/logo_org.png\",\"width\":469,\"height\":176,\"caption\":\"Thermoplast Super S.A.\"},\"image\":{\"@id\":\"https:\\\/\\\/thermoplast.eu\\\/#\\\/schema\\\/logo\\\/image\\\/\"},\"sameAs\":[\"https:\\\/\\\/www.facebook.com\\\/Thermoplast-Sp-z-oo-137147659682317\",\"https:\\\/\\\/www.linkedin.com\\\/company\\\/7250253\",\"https:\\\/\\\/www.youtube.com\\\/channel\\\/UCqu_qzsv1431IOAwbIojngA\"]},false]}<\/script>\n<!-- \/ Yoast SEO plugin. -->","yoast_head_json":{"title":"\u0417\u0410\u0411\u041e\u0420\u041d\u042b\u0415 \u041b\u0415\u041d\u0422\u042b - Thermoplast Super S.A.","description":"Ta\u015bmy ogrodzeniowe Thermoplast\u00ae pozwalaj\u0105 na stworzenie nowoczesnych, estetycznych i funkcjonalnych system\u00f3w ogrodze\u0144...","robots":{"index":"index","follow":"follow","max-snippet":"max-snippet:-1","max-image-preview":"max-image-preview:large","max-video-preview":"max-video-preview:-1"},"canonical":"https:\/\/thermoplast.eu\/produkty\/tasmy-ogrodzeniowe\/","og_locale":"ru_RU","og_type":"article","og_title":"\u0417\u0410\u0411\u041e\u0420\u041d\u042b\u0415 \u041b\u0415\u041d\u0422\u042b - Thermoplast Super S.A.","og_description":"Ta\u015bmy ogrodzeniowe Thermoplast\u00ae pozwalaj\u0105 na stworzenie nowoczesnych, estetycznych i funkcjonalnych system\u00f3w ogrodze\u0144...","og_url":"https:\/\/thermoplast.eu\/produkty\/tasmy-ogrodzeniowe\/","og_site_name":"Thermoplast Super S.A.","article_publisher":"https:\/\/www.facebook.com\/Thermoplast-Sp-z-oo-137147659682317","article_modified_time":"2024-02-11T17:19:34+00:00","og_image":[{"width":820,"height":360,"url":"https:\/\/thermoplast.eu\/wp-content\/uploads\/2021\/06\/fb-tasmy.jpg","type":"image\/jpeg"}],"twitter_card":"summary_large_image","schema":{"@context":"https:\/\/schema.org","@graph":[{"@type":"WebPage","@id":"https:\/\/thermoplast.eu\/produkty\/tasmy-ogrodzeniowe\/","url":"https:\/\/thermoplast.eu\/produkty\/tasmy-ogrodzeniowe\/","name":"\u0417\u0410\u0411\u041e\u0420\u041d\u042b\u0415 \u041b\u0415\u041d\u0422\u042b - Thermoplast Super S.A.","isPartOf":{"@id":"https:\/\/thermoplast.eu\/#website"},"primaryImageOfPage":{"@id":"https:\/\/thermoplast.eu\/produkty\/tasmy-ogrodzeniowe\/#primaryimage"},"image":{"@id":"https:\/\/thermoplast.eu\/produkty\/tasmy-ogrodzeniowe\/#primaryimage"},"thumbnailUrl":"https:\/\/thermoplast.eu\/wp-content\/uploads\/2021\/06\/fb-tasmy.jpg","datePublished":"2021-06-08T06:11:24+00:00","dateModified":"2024-02-11T17:19:34+00:00","description":"Ta\u015bmy ogrodzeniowe Thermoplast\u00ae pozwalaj\u0105 na stworzenie nowoczesnych, estetycznych i funkcjonalnych system\u00f3w ogrodze\u0144...","breadcrumb":{"@id":"https:\/\/thermoplast.eu\/produkty\/tasmy-ogrodzeniowe\/#breadcrumb"},"inLanguage":"ru-RU","potentialAction":[{"@type":"ReadAction","target":["https:\/\/thermoplast.eu\/produkty\/tasmy-ogrodzeniowe\/"]}]},{"@type":"ImageObject","inLanguage":"ru-RU","@id":"https:\/\/thermoplast.eu\/produkty\/tasmy-ogrodzeniowe\/#primaryimage","url":"https:\/\/thermoplast.eu\/wp-content\/uploads\/2021\/06\/fb-tasmy.jpg","contentUrl":"https:\/\/thermoplast.eu\/wp-content\/uploads\/2021\/06\/fb-tasmy.jpg","width":820,"height":360,"caption":"fb-tasmy"},{"@type":"BreadcrumbList","@id":"https:\/\/thermoplast.eu\/produkty\/tasmy-ogrodzeniowe\/#breadcrumb","itemListElement":[{"@type":"ListItem","position":1,"name":"Strona g\u0142\u00f3wna","item":"https:\/\/thermoplast.eu\/ru\/"},{"@type":"ListItem","position":2,"name":"\u041e\u0421\u041d\u041e\u0412\u041d\u042b\u0415 \u0413\u0420\u0423\u041f\u041f\u042b \u041f\u0420\u041e\u0414\u0423\u041a\u0422\u041e\u0412","item":"https:\/\/thermoplast.eu\/ru\/products\/"},{"@type":"ListItem","position":3,"name":"\u0417\u0410\u0411\u041e\u0420\u041d\u042b\u0415 \u041b\u0415\u041d\u0422\u042b"}]},{"@type":"WebSite","@id":"https:\/\/thermoplast.eu\/#website","url":"https:\/\/thermoplast.eu\/","name":"Thermoplast Super S.A.","description":"Producent profili z tworzyw sztucznych","publisher":{"@id":"https:\/\/thermoplast.eu\/#organization"},"potentialAction":[{"@type":"SearchAction","target":{"@type":"EntryPoint","urlTemplate":"https:\/\/thermoplast.eu\/?s={search_term_string}"},"query-input":{"@type":"PropertyValueSpecification","valueRequired":true,"valueName":"search_term_string"}}],"inLanguage":"ru-RU"},{"@type":"Organization","@id":"https:\/\/thermoplast.eu\/#organization","name":"Thermoplast Super S.A.","url":"https:\/\/thermoplast.eu\/","logo":{"@type":"ImageObject","inLanguage":"ru-RU","@id":"https:\/\/thermoplast.eu\/#\/schema\/logo\/image\/","url":"https:\/\/thermoplast.eu\/wp-content\/uploads\/2017\/02\/logo_org.png","contentUrl":"https:\/\/thermoplast.eu\/wp-content\/uploads\/2017\/02\/logo_org.png","width":469,"height":176,"caption":"Thermoplast Super S.A."},"image":{"@id":"https:\/\/thermoplast.eu\/#\/schema\/logo\/image\/"},"sameAs":["https:\/\/www.facebook.com\/Thermoplast-Sp-z-oo-137147659682317","https:\/\/www.linkedin.com\/company\/7250253","https:\/\/www.youtube.com\/channel\/UCqu_qzsv1431IOAwbIojngA"]},false]}},"yasr_visitor_votes":{"stars_attributes":{"read_only":false,"span_bottom":false},"number_of_votes":0,"sum_votes":0},"_links":{"self":[{"href":"https:\/\/thermoplast.eu\/ru\/wp-json\/wp\/v2\/pages\/4973","targetHints":{"allow":["GET"]}}],"collection":[{"href":"https:\/\/thermoplast.eu\/ru\/wp-json\/wp\/v2\/pages"}],"about":[{"href":"https:\/\/thermoplast.eu\/ru\/wp-json\/wp\/v2\/types\/page"}],"author":[{"embeddable":true,"href":"https:\/\/thermoplast.eu\/ru\/wp-json\/wp\/v2\/users\/1"}],"replies":[{"embeddable":true,"href":"https:\/\/thermoplast.eu\/ru\/wp-json\/wp\/v2\/comments?post=4973"}],"version-history":[{"count":1,"href":"https:\/\/thermoplast.eu\/ru\/wp-json\/wp\/v2\/pages\/4973\/revisions"}],"predecessor-version":[{"id":4987,"href":"https:\/\/thermoplast.eu\/ru\/wp-json\/wp\/v2\/pages\/4973\/revisions\/4987"}],"up":[{"embeddable":true,"href":"https:\/\/thermoplast.eu\/ru\/wp-json\/wp\/v2\/pages\/1620"}],"wp:featuredmedia":[{"embeddable":true,"href":"https:\/\/thermoplast.eu\/ru\/wp-json\/wp\/v2\/media\/4763"}],"wp:attachment":[{"href":"https:\/\/thermoplast.eu\/ru\/wp-json\/wp\/v2\/media?parent=4973"}],"curies":[{"name":"wp","href":"https:\/\/api.w.org\/{rel}","templated":true}]}}