{"id":2220,"date":"2017-03-24T12:19:54","date_gmt":"2017-03-24T11:19:54","guid":{"rendered":"https:\/\/thermoplast.eu\/do-pobrania\/"},"modified":"2023-02-07T10:17:44","modified_gmt":"2023-02-07T09:17:44","slug":"download","status":"publish","type":"page","link":"https:\/\/thermoplast.eu\/ru\/download\/","title":{"rendered":"\u0421\u041a\u0410\u0427\u0410\u0422\u042c"},"content":{"rendered":"<div style='text-align:center' class='yasr-auto-insert-visitor'><!--Yasr Visitor Votes Shortcode--><div id='yasr_visitor_votes_8d961de4a3c0b' class='yasr-visitor-votes'><div class=\"yasr-custom-text-vv-before yasr-custom-text-vv-before-2220\">Oce\u0144 artyku\u0142<\/div><div id='yasr-vv-second-row-container-8d961de4a3c0b'\r\n                                        class='yasr-vv-second-row-container'><div id='yasr-visitor-votes-rater-8d961de4a3c0b'\r\n                                      class='yasr-rater-stars-vv'\r\n                                      data-rater-postid='2220'\r\n                                      data-rating='0'\r\n                                      data-rater-starsize='24'\r\n                                      data-rater-readonly='false'\r\n                                      data-rater-nonce='705e59d185'\r\n                                      data-issingular='false'\r\n                                    ><\/div><div class=\"yasr-vv-stats-text-container\" id=\"yasr-vv-stats-text-container-8d961de4a3c0b\"><span id=\"yasr-vv-text-container-8d961de4a3c0b\" class=\"yasr-vv-text-container\">[Wszystkich g\u0142os\u00f3w: <span id=\"yasr-vv-votes-number-container-8d961de4a3c0b\">0<\/span> \u015arednia: <span id=\"yasr-vv-average-container-8d961de4a3c0b\">0<\/span>]<\/span><\/div><div id='yasr-vv-loader-8d961de4a3c0b' class='yasr-vv-container-loader'><\/div><\/div><div id='yasr-vv-bottom-container-8d961de4a3c0b'\r\n                              class='yasr-vv-bottom-container'\r\n                              style='display:none'><\/div><\/div><!--End Yasr Visitor Votes Shortcode--><\/div>","protected":false},"excerpt":{"rendered":"<p>Oce\u0144 artyku\u0142[Wszystkich g\u0142os\u00f3w: 0 \u015arednia: 0]<\/p>\n","protected":false},"author":1,"featured_media":0,"parent":0,"menu_order":0,"comment_status":"closed","ping_status":"closed","template":"","meta":{"yasr_overall_rating":0,"yasr_post_is_review":"","yasr_auto_insert_disabled":"","yasr_review_type":"","footnotes":""},"class_list":["post-2220","page","type-page","status-publish","hentry"],"yoast_head":"<!-- This site is optimized with the Yoast SEO plugin v27.4 - https:\/\/yoast.com\/product\/yoast-seo-wordpress\/ -->\n<title>\u0421\u041a\u0410\u0427\u0410\u0422\u042c - Thermoplast Super S.A.<\/title>\n<meta name=\"description\" content=\"Materia\u0142y do pobrania! Gwarancje, Umowy, kalkulator ta\u015bm ogrodzeniowych itp.\" \/>\n<meta name=\"robots\" content=\"index, follow, max-snippet:-1, max-image-preview:large, max-video-preview:-1\" \/>\n<link rel=\"canonical\" href=\"https:\/\/thermoplast.eu\/ru\/download\/\" \/>\n<meta property=\"og:locale\" content=\"ru_RU\" \/>\n<meta property=\"og:type\" content=\"article\" \/>\n<meta property=\"og:title\" content=\"\u0421\u041a\u0410\u0427\u0410\u0422\u042c - Thermoplast Super S.A.\" \/>\n<meta property=\"og:description\" content=\"Materia\u0142y do pobrania! Gwarancje, Umowy, kalkulator ta\u015bm ogrodzeniowych itp.\" \/>\n<meta property=\"og:url\" content=\"https:\/\/thermoplast.eu\/ru\/download\/\" \/>\n<meta property=\"og:site_name\" content=\"Thermoplast Super S.A.\" \/>\n<meta property=\"article:publisher\" content=\"https:\/\/www.facebook.com\/Thermoplast-Sp-z-oo-137147659682317\" \/>\n<meta property=\"article:modified_time\" content=\"2023-02-07T09:17:44+00:00\" \/>\n<meta name=\"twitter:card\" content=\"summary_large_image\" \/>\n<script type=\"application\/ld+json\" class=\"yoast-schema-graph\">{\"@context\":\"https:\\\/\\\/schema.org\",\"@graph\":[{\"@type\":\"WebPage\",\"@id\":\"https:\\\/\\\/thermoplast.eu\\\/ru\\\/download\\\/\",\"url\":\"https:\\\/\\\/thermoplast.eu\\\/ru\\\/download\\\/\",\"name\":\"\u0421\u041a\u0410\u0427\u0410\u0422\u042c - Thermoplast Super S.A.\",\"isPartOf\":{\"@id\":\"https:\\\/\\\/thermoplast.eu\\\/#website\"},\"datePublished\":\"2017-03-24T11:19:54+00:00\",\"dateModified\":\"2023-02-07T09:17:44+00:00\",\"description\":\"Materia\u0142y do pobrania! Gwarancje, Umowy, kalkulator ta\u015bm ogrodzeniowych itp.\",\"breadcrumb\":{\"@id\":\"https:\\\/\\\/thermoplast.eu\\\/ru\\\/download\\\/#breadcrumb\"},\"inLanguage\":\"ru-RU\",\"potentialAction\":[{\"@type\":\"ReadAction\",\"target\":[\"https:\\\/\\\/thermoplast.eu\\\/ru\\\/download\\\/\"]}]},{\"@type\":\"BreadcrumbList\",\"@id\":\"https:\\\/\\\/thermoplast.eu\\\/ru\\\/download\\\/#breadcrumb\",\"itemListElement\":[{\"@type\":\"ListItem\",\"position\":1,\"name\":\"Strona g\u0142\u00f3wna\",\"item\":\"https:\\\/\\\/thermoplast.eu\\\/ru\\\/\"},{\"@type\":\"ListItem\",\"position\":2,\"name\":\"\u0421\u041a\u0410\u0427\u0410\u0422\u042c\"}]},{\"@type\":\"WebSite\",\"@id\":\"https:\\\/\\\/thermoplast.eu\\\/#website\",\"url\":\"https:\\\/\\\/thermoplast.eu\\\/\",\"name\":\"Thermoplast Super S.A.\",\"description\":\"Producent profili z tworzyw sztucznych\",\"publisher\":{\"@id\":\"https:\\\/\\\/thermoplast.eu\\\/#organization\"},\"potentialAction\":[{\"@type\":\"SearchAction\",\"target\":{\"@type\":\"EntryPoint\",\"urlTemplate\":\"https:\\\/\\\/thermoplast.eu\\\/?s={search_term_string}\"},\"query-input\":{\"@type\":\"PropertyValueSpecification\",\"valueRequired\":true,\"valueName\":\"search_term_string\"}}],\"inLanguage\":\"ru-RU\"},{\"@type\":\"Organization\",\"@id\":\"https:\\\/\\\/thermoplast.eu\\\/#organization\",\"name\":\"Thermoplast Super S.A.\",\"url\":\"https:\\\/\\\/thermoplast.eu\\\/\",\"logo\":{\"@type\":\"ImageObject\",\"inLanguage\":\"ru-RU\",\"@id\":\"https:\\\/\\\/thermoplast.eu\\\/#\\\/schema\\\/logo\\\/image\\\/\",\"url\":\"https:\\\/\\\/thermoplast.eu\\\/wp-content\\\/uploads\\\/2017\\\/02\\\/logo_org.png\",\"contentUrl\":\"https:\\\/\\\/thermoplast.eu\\\/wp-content\\\/uploads\\\/2017\\\/02\\\/logo_org.png\",\"width\":469,\"height\":176,\"caption\":\"Thermoplast Super S.A.\"},\"image\":{\"@id\":\"https:\\\/\\\/thermoplast.eu\\\/#\\\/schema\\\/logo\\\/image\\\/\"},\"sameAs\":[\"https:\\\/\\\/www.facebook.com\\\/Thermoplast-Sp-z-oo-137147659682317\",\"https:\\\/\\\/www.linkedin.com\\\/company\\\/7250253\",\"https:\\\/\\\/www.youtube.com\\\/channel\\\/UCqu_qzsv1431IOAwbIojngA\"]},false]}<\/script>\n<!-- \/ Yoast SEO plugin. -->","yoast_head_json":{"title":"\u0421\u041a\u0410\u0427\u0410\u0422\u042c - Thermoplast Super S.A.","description":"Materia\u0142y do pobrania! Gwarancje, Umowy, kalkulator ta\u015bm ogrodzeniowych itp.","robots":{"index":"index","follow":"follow","max-snippet":"max-snippet:-1","max-image-preview":"max-image-preview:large","max-video-preview":"max-video-preview:-1"},"canonical":"https:\/\/thermoplast.eu\/ru\/download\/","og_locale":"ru_RU","og_type":"article","og_title":"\u0421\u041a\u0410\u0427\u0410\u0422\u042c - Thermoplast Super S.A.","og_description":"Materia\u0142y do pobrania! Gwarancje, Umowy, kalkulator ta\u015bm ogrodzeniowych itp.","og_url":"https:\/\/thermoplast.eu\/ru\/download\/","og_site_name":"Thermoplast Super S.A.","article_publisher":"https:\/\/www.facebook.com\/Thermoplast-Sp-z-oo-137147659682317","article_modified_time":"2023-02-07T09:17:44+00:00","twitter_card":"summary_large_image","schema":{"@context":"https:\/\/schema.org","@graph":[{"@type":"WebPage","@id":"https:\/\/thermoplast.eu\/ru\/download\/","url":"https:\/\/thermoplast.eu\/ru\/download\/","name":"\u0421\u041a\u0410\u0427\u0410\u0422\u042c - Thermoplast Super S.A.","isPartOf":{"@id":"https:\/\/thermoplast.eu\/#website"},"datePublished":"2017-03-24T11:19:54+00:00","dateModified":"2023-02-07T09:17:44+00:00","description":"Materia\u0142y do pobrania! Gwarancje, Umowy, kalkulator ta\u015bm ogrodzeniowych itp.","breadcrumb":{"@id":"https:\/\/thermoplast.eu\/ru\/download\/#breadcrumb"},"inLanguage":"ru-RU","potentialAction":[{"@type":"ReadAction","target":["https:\/\/thermoplast.eu\/ru\/download\/"]}]},{"@type":"BreadcrumbList","@id":"https:\/\/thermoplast.eu\/ru\/download\/#breadcrumb","itemListElement":[{"@type":"ListItem","position":1,"name":"Strona g\u0142\u00f3wna","item":"https:\/\/thermoplast.eu\/ru\/"},{"@type":"ListItem","position":2,"name":"\u0421\u041a\u0410\u0427\u0410\u0422\u042c"}]},{"@type":"WebSite","@id":"https:\/\/thermoplast.eu\/#website","url":"https:\/\/thermoplast.eu\/","name":"Thermoplast Super S.A.","description":"Producent profili z tworzyw sztucznych","publisher":{"@id":"https:\/\/thermoplast.eu\/#organization"},"potentialAction":[{"@type":"SearchAction","target":{"@type":"EntryPoint","urlTemplate":"https:\/\/thermoplast.eu\/?s={search_term_string}"},"query-input":{"@type":"PropertyValueSpecification","valueRequired":true,"valueName":"search_term_string"}}],"inLanguage":"ru-RU"},{"@type":"Organization","@id":"https:\/\/thermoplast.eu\/#organization","name":"Thermoplast Super S.A.","url":"https:\/\/thermoplast.eu\/","logo":{"@type":"ImageObject","inLanguage":"ru-RU","@id":"https:\/\/thermoplast.eu\/#\/schema\/logo\/image\/","url":"https:\/\/thermoplast.eu\/wp-content\/uploads\/2017\/02\/logo_org.png","contentUrl":"https:\/\/thermoplast.eu\/wp-content\/uploads\/2017\/02\/logo_org.png","width":469,"height":176,"caption":"Thermoplast Super S.A."},"image":{"@id":"https:\/\/thermoplast.eu\/#\/schema\/logo\/image\/"},"sameAs":["https:\/\/www.facebook.com\/Thermoplast-Sp-z-oo-137147659682317","https:\/\/www.linkedin.com\/company\/7250253","https:\/\/www.youtube.com\/channel\/UCqu_qzsv1431IOAwbIojngA"]},false]}},"yasr_visitor_votes":{"stars_attributes":{"read_only":false,"span_bottom":false},"number_of_votes":0,"sum_votes":0},"_links":{"self":[{"href":"https:\/\/thermoplast.eu\/ru\/wp-json\/wp\/v2\/pages\/2220","targetHints":{"allow":["GET"]}}],"collection":[{"href":"https:\/\/thermoplast.eu\/ru\/wp-json\/wp\/v2\/pages"}],"about":[{"href":"https:\/\/thermoplast.eu\/ru\/wp-json\/wp\/v2\/types\/page"}],"author":[{"embeddable":true,"href":"https:\/\/thermoplast.eu\/ru\/wp-json\/wp\/v2\/users\/1"}],"replies":[{"embeddable":true,"href":"https:\/\/thermoplast.eu\/ru\/wp-json\/wp\/v2\/comments?post=2220"}],"version-history":[{"count":1,"href":"https:\/\/thermoplast.eu\/ru\/wp-json\/wp\/v2\/pages\/2220\/revisions"}],"predecessor-version":[{"id":2222,"href":"https:\/\/thermoplast.eu\/ru\/wp-json\/wp\/v2\/pages\/2220\/revisions\/2222"}],"wp:attachment":[{"href":"https:\/\/thermoplast.eu\/ru\/wp-json\/wp\/v2\/media?parent=2220"}],"curies":[{"name":"wp","href":"https:\/\/api.w.org\/{rel}","templated":true}]}}