{"id":1803,"date":"2017-03-09T15:27:57","date_gmt":"2017-03-09T14:27:57","guid":{"rendered":"https:\/\/thermoplast.eu\/produkty\/profile-uszczelniajace\/"},"modified":"2024-02-11T17:28:29","modified_gmt":"2024-02-11T16:28:29","slug":"sealing-profiles","status":"publish","type":"page","link":"https:\/\/thermoplast.eu\/ru\/products\/furniture-profiles\/sealing-profiles\/","title":{"rendered":"\u0423\u041f\u041b\u041e\u0422\u041d\u0418\u0422\u0415\u041b\u042c\u041d\u042b\u0415 \u041f\u0420\u041e\u0424\u0418\u041b\u0418"},"content":{"rendered":"<div style='text-align:center' class='yasr-auto-insert-visitor'><!--Yasr Visitor Votes Shortcode--><div id='yasr_visitor_votes_393d0367ae887' class='yasr-visitor-votes'><div class=\"yasr-custom-text-vv-before yasr-custom-text-vv-before-1803\">Oce\u0144 artyku\u0142<\/div><div id='yasr-vv-second-row-container-393d0367ae887'\r\n                                        class='yasr-vv-second-row-container'><div id='yasr-visitor-votes-rater-393d0367ae887'\r\n                                      class='yasr-rater-stars-vv'\r\n                                      data-rater-postid='1803'\r\n                                      data-rating='0'\r\n                                      data-rater-starsize='24'\r\n                                      data-rater-readonly='false'\r\n                                      data-rater-nonce='319fa431c9'\r\n                                      data-issingular='false'\r\n                                    ><\/div><div class=\"yasr-vv-stats-text-container\" id=\"yasr-vv-stats-text-container-393d0367ae887\"><span id=\"yasr-vv-text-container-393d0367ae887\" class=\"yasr-vv-text-container\">[Wszystkich g\u0142os\u00f3w: <span id=\"yasr-vv-votes-number-container-393d0367ae887\">0<\/span> \u015arednia: <span id=\"yasr-vv-average-container-393d0367ae887\">0<\/span>]<\/span><\/div><div id='yasr-vv-loader-393d0367ae887' class='yasr-vv-container-loader'><\/div><\/div><div id='yasr-vv-bottom-container-393d0367ae887'\r\n                              class='yasr-vv-bottom-container'\r\n                              style='display:none'><\/div><\/div><!--End Yasr Visitor Votes Shortcode--><\/div>","protected":false},"excerpt":{"rendered":"<p>Oce\u0144 artyku\u0142[Wszystkich g\u0142os\u00f3w: 0 \u015arednia: 0]<\/p>\n","protected":false},"author":1,"featured_media":0,"parent":1722,"menu_order":0,"comment_status":"closed","ping_status":"closed","template":"","meta":{"yasr_overall_rating":0,"yasr_post_is_review":"","yasr_auto_insert_disabled":"","yasr_review_type":"","footnotes":""},"class_list":["post-1803","page","type-page","status-publish","hentry"],"yoast_head":"<!-- This site is optimized with the Yoast SEO plugin v27.4 - https:\/\/yoast.com\/product\/yoast-seo-wordpress\/ -->\n<title>\u0423\u041f\u041b\u041e\u0422\u041d\u0418\u0422\u0415\u041b\u042c\u041d\u042b\u0415 \u041f\u0420\u041e\u0424\u0418\u041b\u0418 - Thermoplast Super S.A.<\/title>\n<meta name=\"robots\" content=\"index, follow, max-snippet:-1, max-image-preview:large, max-video-preview:-1\" \/>\n<link rel=\"canonical\" href=\"https:\/\/thermoplast.eu\/produkty\/profile-meblowe\/profile-uszczelniajace\/\" \/>\n<meta property=\"og:locale\" content=\"ru_RU\" \/>\n<meta property=\"og:type\" content=\"article\" \/>\n<meta property=\"og:title\" content=\"\u0423\u041f\u041b\u041e\u0422\u041d\u0418\u0422\u0415\u041b\u042c\u041d\u042b\u0415 \u041f\u0420\u041e\u0424\u0418\u041b\u0418 - Thermoplast Super S.A.\" \/>\n<meta property=\"og:description\" content=\"Oce\u0144 artyku\u0142[Wszystkich g\u0142os\u00f3w: 0 \u015arednia: 0]\" \/>\n<meta property=\"og:url\" content=\"https:\/\/thermoplast.eu\/produkty\/profile-meblowe\/profile-uszczelniajace\/\" \/>\n<meta property=\"og:site_name\" content=\"Thermoplast Super S.A.\" \/>\n<meta property=\"article:publisher\" content=\"https:\/\/www.facebook.com\/Thermoplast-Sp-z-oo-137147659682317\" \/>\n<meta property=\"article:modified_time\" content=\"2024-02-11T16:28:29+00:00\" \/>\n<meta name=\"twitter:card\" content=\"summary_large_image\" \/>\n<script type=\"application\/ld+json\" class=\"yoast-schema-graph\">{\"@context\":\"https:\\\/\\\/schema.org\",\"@graph\":[{\"@type\":\"WebPage\",\"@id\":\"https:\\\/\\\/thermoplast.eu\\\/produkty\\\/profile-meblowe\\\/profile-uszczelniajace\\\/\",\"url\":\"https:\\\/\\\/thermoplast.eu\\\/produkty\\\/profile-meblowe\\\/profile-uszczelniajace\\\/\",\"name\":\"\u0423\u041f\u041b\u041e\u0422\u041d\u0418\u0422\u0415\u041b\u042c\u041d\u042b\u0415 \u041f\u0420\u041e\u0424\u0418\u041b\u0418 - Thermoplast Super S.A.\",\"isPartOf\":{\"@id\":\"https:\\\/\\\/thermoplast.eu\\\/#website\"},\"datePublished\":\"2017-03-09T14:27:57+00:00\",\"dateModified\":\"2024-02-11T16:28:29+00:00\",\"breadcrumb\":{\"@id\":\"https:\\\/\\\/thermoplast.eu\\\/produkty\\\/profile-meblowe\\\/profile-uszczelniajace\\\/#breadcrumb\"},\"inLanguage\":\"ru-RU\",\"potentialAction\":[{\"@type\":\"ReadAction\",\"target\":[\"https:\\\/\\\/thermoplast.eu\\\/produkty\\\/profile-meblowe\\\/profile-uszczelniajace\\\/\"]}]},{\"@type\":\"BreadcrumbList\",\"@id\":\"https:\\\/\\\/thermoplast.eu\\\/produkty\\\/profile-meblowe\\\/profile-uszczelniajace\\\/#breadcrumb\",\"itemListElement\":[{\"@type\":\"ListItem\",\"position\":1,\"name\":\"Strona g\u0142\u00f3wna\",\"item\":\"https:\\\/\\\/thermoplast.eu\\\/ru\\\/\"},{\"@type\":\"ListItem\",\"position\":2,\"name\":\"\u041e\u0421\u041d\u041e\u0412\u041d\u042b\u0415 \u0413\u0420\u0423\u041f\u041f\u042b \u041f\u0420\u041e\u0414\u0423\u041a\u0422\u041e\u0412\",\"item\":\"https:\\\/\\\/thermoplast.eu\\\/ru\\\/products\\\/\"},{\"@type\":\"ListItem\",\"position\":3,\"name\":\"\u041c\u0415\u0411\u0415\u041b\u042c\u041d\u042b\u0415 \u041f\u0420\u041e\u0424\u0418\u041b\u0418\",\"item\":\"https:\\\/\\\/thermoplast.eu\\\/ru\\\/products\\\/furniture-profiles\\\/\"},{\"@type\":\"ListItem\",\"position\":4,\"name\":\"\u0423\u041f\u041b\u041e\u0422\u041d\u0418\u0422\u0415\u041b\u042c\u041d\u042b\u0415 \u041f\u0420\u041e\u0424\u0418\u041b\u0418\"}]},{\"@type\":\"WebSite\",\"@id\":\"https:\\\/\\\/thermoplast.eu\\\/#website\",\"url\":\"https:\\\/\\\/thermoplast.eu\\\/\",\"name\":\"Thermoplast Super S.A.\",\"description\":\"Producent profili z tworzyw sztucznych\",\"publisher\":{\"@id\":\"https:\\\/\\\/thermoplast.eu\\\/#organization\"},\"potentialAction\":[{\"@type\":\"SearchAction\",\"target\":{\"@type\":\"EntryPoint\",\"urlTemplate\":\"https:\\\/\\\/thermoplast.eu\\\/?s={search_term_string}\"},\"query-input\":{\"@type\":\"PropertyValueSpecification\",\"valueRequired\":true,\"valueName\":\"search_term_string\"}}],\"inLanguage\":\"ru-RU\"},{\"@type\":\"Organization\",\"@id\":\"https:\\\/\\\/thermoplast.eu\\\/#organization\",\"name\":\"Thermoplast Super S.A.\",\"url\":\"https:\\\/\\\/thermoplast.eu\\\/\",\"logo\":{\"@type\":\"ImageObject\",\"inLanguage\":\"ru-RU\",\"@id\":\"https:\\\/\\\/thermoplast.eu\\\/#\\\/schema\\\/logo\\\/image\\\/\",\"url\":\"https:\\\/\\\/thermoplast.eu\\\/wp-content\\\/uploads\\\/2017\\\/02\\\/logo_org.png\",\"contentUrl\":\"https:\\\/\\\/thermoplast.eu\\\/wp-content\\\/uploads\\\/2017\\\/02\\\/logo_org.png\",\"width\":469,\"height\":176,\"caption\":\"Thermoplast Super S.A.\"},\"image\":{\"@id\":\"https:\\\/\\\/thermoplast.eu\\\/#\\\/schema\\\/logo\\\/image\\\/\"},\"sameAs\":[\"https:\\\/\\\/www.facebook.com\\\/Thermoplast-Sp-z-oo-137147659682317\",\"https:\\\/\\\/www.linkedin.com\\\/company\\\/7250253\",\"https:\\\/\\\/www.youtube.com\\\/channel\\\/UCqu_qzsv1431IOAwbIojngA\"]},false]}<\/script>\n<!-- \/ Yoast SEO plugin. -->","yoast_head_json":{"title":"\u0423\u041f\u041b\u041e\u0422\u041d\u0418\u0422\u0415\u041b\u042c\u041d\u042b\u0415 \u041f\u0420\u041e\u0424\u0418\u041b\u0418 - Thermoplast Super S.A.","robots":{"index":"index","follow":"follow","max-snippet":"max-snippet:-1","max-image-preview":"max-image-preview:large","max-video-preview":"max-video-preview:-1"},"canonical":"https:\/\/thermoplast.eu\/produkty\/profile-meblowe\/profile-uszczelniajace\/","og_locale":"ru_RU","og_type":"article","og_title":"\u0423\u041f\u041b\u041e\u0422\u041d\u0418\u0422\u0415\u041b\u042c\u041d\u042b\u0415 \u041f\u0420\u041e\u0424\u0418\u041b\u0418 - Thermoplast Super S.A.","og_description":"Oce\u0144 artyku\u0142[Wszystkich g\u0142os\u00f3w: 0 \u015arednia: 0]","og_url":"https:\/\/thermoplast.eu\/produkty\/profile-meblowe\/profile-uszczelniajace\/","og_site_name":"Thermoplast Super S.A.","article_publisher":"https:\/\/www.facebook.com\/Thermoplast-Sp-z-oo-137147659682317","article_modified_time":"2024-02-11T16:28:29+00:00","twitter_card":"summary_large_image","schema":{"@context":"https:\/\/schema.org","@graph":[{"@type":"WebPage","@id":"https:\/\/thermoplast.eu\/produkty\/profile-meblowe\/profile-uszczelniajace\/","url":"https:\/\/thermoplast.eu\/produkty\/profile-meblowe\/profile-uszczelniajace\/","name":"\u0423\u041f\u041b\u041e\u0422\u041d\u0418\u0422\u0415\u041b\u042c\u041d\u042b\u0415 \u041f\u0420\u041e\u0424\u0418\u041b\u0418 - Thermoplast Super S.A.","isPartOf":{"@id":"https:\/\/thermoplast.eu\/#website"},"datePublished":"2017-03-09T14:27:57+00:00","dateModified":"2024-02-11T16:28:29+00:00","breadcrumb":{"@id":"https:\/\/thermoplast.eu\/produkty\/profile-meblowe\/profile-uszczelniajace\/#breadcrumb"},"inLanguage":"ru-RU","potentialAction":[{"@type":"ReadAction","target":["https:\/\/thermoplast.eu\/produkty\/profile-meblowe\/profile-uszczelniajace\/"]}]},{"@type":"BreadcrumbList","@id":"https:\/\/thermoplast.eu\/produkty\/profile-meblowe\/profile-uszczelniajace\/#breadcrumb","itemListElement":[{"@type":"ListItem","position":1,"name":"Strona g\u0142\u00f3wna","item":"https:\/\/thermoplast.eu\/ru\/"},{"@type":"ListItem","position":2,"name":"\u041e\u0421\u041d\u041e\u0412\u041d\u042b\u0415 \u0413\u0420\u0423\u041f\u041f\u042b \u041f\u0420\u041e\u0414\u0423\u041a\u0422\u041e\u0412","item":"https:\/\/thermoplast.eu\/ru\/products\/"},{"@type":"ListItem","position":3,"name":"\u041c\u0415\u0411\u0415\u041b\u042c\u041d\u042b\u0415 \u041f\u0420\u041e\u0424\u0418\u041b\u0418","item":"https:\/\/thermoplast.eu\/ru\/products\/furniture-profiles\/"},{"@type":"ListItem","position":4,"name":"\u0423\u041f\u041b\u041e\u0422\u041d\u0418\u0422\u0415\u041b\u042c\u041d\u042b\u0415 \u041f\u0420\u041e\u0424\u0418\u041b\u0418"}]},{"@type":"WebSite","@id":"https:\/\/thermoplast.eu\/#website","url":"https:\/\/thermoplast.eu\/","name":"Thermoplast Super S.A.","description":"Producent profili z tworzyw sztucznych","publisher":{"@id":"https:\/\/thermoplast.eu\/#organization"},"potentialAction":[{"@type":"SearchAction","target":{"@type":"EntryPoint","urlTemplate":"https:\/\/thermoplast.eu\/?s={search_term_string}"},"query-input":{"@type":"PropertyValueSpecification","valueRequired":true,"valueName":"search_term_string"}}],"inLanguage":"ru-RU"},{"@type":"Organization","@id":"https:\/\/thermoplast.eu\/#organization","name":"Thermoplast Super S.A.","url":"https:\/\/thermoplast.eu\/","logo":{"@type":"ImageObject","inLanguage":"ru-RU","@id":"https:\/\/thermoplast.eu\/#\/schema\/logo\/image\/","url":"https:\/\/thermoplast.eu\/wp-content\/uploads\/2017\/02\/logo_org.png","contentUrl":"https:\/\/thermoplast.eu\/wp-content\/uploads\/2017\/02\/logo_org.png","width":469,"height":176,"caption":"Thermoplast Super S.A."},"image":{"@id":"https:\/\/thermoplast.eu\/#\/schema\/logo\/image\/"},"sameAs":["https:\/\/www.facebook.com\/Thermoplast-Sp-z-oo-137147659682317","https:\/\/www.linkedin.com\/company\/7250253","https:\/\/www.youtube.com\/channel\/UCqu_qzsv1431IOAwbIojngA"]},false]}},"yasr_visitor_votes":{"stars_attributes":{"read_only":false,"span_bottom":false},"number_of_votes":0,"sum_votes":0},"_links":{"self":[{"href":"https:\/\/thermoplast.eu\/ru\/wp-json\/wp\/v2\/pages\/1803","targetHints":{"allow":["GET"]}}],"collection":[{"href":"https:\/\/thermoplast.eu\/ru\/wp-json\/wp\/v2\/pages"}],"about":[{"href":"https:\/\/thermoplast.eu\/ru\/wp-json\/wp\/v2\/types\/page"}],"author":[{"embeddable":true,"href":"https:\/\/thermoplast.eu\/ru\/wp-json\/wp\/v2\/users\/1"}],"replies":[{"embeddable":true,"href":"https:\/\/thermoplast.eu\/ru\/wp-json\/wp\/v2\/comments?post=1803"}],"version-history":[{"count":2,"href":"https:\/\/thermoplast.eu\/ru\/wp-json\/wp\/v2\/pages\/1803\/revisions"}],"predecessor-version":[{"id":1806,"href":"https:\/\/thermoplast.eu\/ru\/wp-json\/wp\/v2\/pages\/1803\/revisions\/1806"}],"up":[{"embeddable":true,"href":"https:\/\/thermoplast.eu\/ru\/wp-json\/wp\/v2\/pages\/1722"}],"wp:attachment":[{"href":"https:\/\/thermoplast.eu\/ru\/wp-json\/wp\/v2\/media?parent=1803"}],"curies":[{"name":"wp","href":"https:\/\/api.w.org\/{rel}","templated":true}]}}