{"id":4898,"date":"2021-06-14T07:27:11","date_gmt":"2021-06-14T05:27:11","guid":{"rendered":"https:\/\/thermoplast.eu\/des-produits\/les-rubans-de-cloture\/system-the-guard\/"},"modified":"2024-08-30T09:43:00","modified_gmt":"2024-08-30T07:43:00","slug":"le-systeme-de-garde","status":"publish","type":"page","link":"https:\/\/thermoplast.eu\/fr\/des-produits\/les-rubans-de-cloture\/le-systeme-de-garde\/","title":{"rendered":"LE SYST\u00c8ME DE GARDE"},"content":{"rendered":"<div style='text-align:center' class='yasr-auto-insert-visitor'><!--Yasr Visitor Votes Shortcode--><div id='yasr_visitor_votes_9a61a5e370708' class='yasr-visitor-votes'><div class=\"yasr-custom-text-vv-before yasr-custom-text-vv-before-4898\">Oce\u0144 artyku\u0142<\/div><div id='yasr-vv-second-row-container-9a61a5e370708'\r\n                                        class='yasr-vv-second-row-container'><div id='yasr-visitor-votes-rater-9a61a5e370708'\r\n                                      class='yasr-rater-stars-vv'\r\n                                      data-rater-postid='4898'\r\n                                      data-rating='0'\r\n                                      data-rater-starsize='24'\r\n                                      data-rater-readonly='false'\r\n                                      data-rater-nonce='319fa431c9'\r\n                                      data-issingular='false'\r\n                                    ><\/div><div class=\"yasr-vv-stats-text-container\" id=\"yasr-vv-stats-text-container-9a61a5e370708\"><span id=\"yasr-vv-text-container-9a61a5e370708\" class=\"yasr-vv-text-container\">[Wszystkich g\u0142os\u00f3w: <span id=\"yasr-vv-votes-number-container-9a61a5e370708\">0<\/span> \u015arednia: <span id=\"yasr-vv-average-container-9a61a5e370708\">0<\/span>]<\/span><\/div><div id='yasr-vv-loader-9a61a5e370708' class='yasr-vv-container-loader'><\/div><\/div><div id='yasr-vv-bottom-container-9a61a5e370708'\r\n                              class='yasr-vv-bottom-container'\r\n                              style='display:none'><\/div><\/div><!--End Yasr Visitor Votes Shortcode--><\/div>","protected":false},"excerpt":{"rendered":"<p>Oce\u0144 artyku\u0142[Wszystkich g\u0142os\u00f3w: 0 \u015arednia: 0]<\/p>\n","protected":false},"author":1,"featured_media":4750,"parent":4854,"menu_order":0,"comment_status":"closed","ping_status":"closed","template":"","meta":{"yasr_overall_rating":0,"yasr_post_is_review":"","yasr_auto_insert_disabled":"","yasr_review_type":"","footnotes":""},"class_list":["post-4898","page","type-page","status-publish","has-post-thumbnail","hentry"],"yoast_head":"<!-- This site is optimized with the Yoast SEO plugin v27.4 - https:\/\/yoast.com\/product\/yoast-seo-wordpress\/ -->\n<title>LE SYST\u00c8ME DE GARDE - Thermoplast<\/title>\n<meta name=\"description\" content=\"La couverture The Guard est une solution innovante pour les cl\u00f4tures sur le march\u00e9 polonais. Le syst\u00e8me se compose de bandes en plastique et de clips de montage qui assurent un montage stable des bandes dans le panneau de cl\u00f4ture.\" \/>\n<meta name=\"robots\" content=\"index, follow, max-snippet:-1, max-image-preview:large, max-video-preview:-1\" \/>\n<link rel=\"canonical\" href=\"https:\/\/thermoplast.eu\/produkty\/tasmy-ogrodzeniowe\/system-the-guard\/\" \/>\n<meta property=\"og:locale\" content=\"fr_FR\" \/>\n<meta property=\"og:type\" content=\"article\" \/>\n<meta property=\"og:title\" content=\"LE SYST\u00c8ME DE GARDE - Thermoplast\" \/>\n<meta property=\"og:description\" content=\"La couverture The Guard est une solution innovante pour les cl\u00f4tures sur le march\u00e9 polonais. Le syst\u00e8me se compose de bandes en plastique et de clips de montage qui assurent un montage stable des bandes dans le panneau de cl\u00f4ture.\" \/>\n<meta property=\"og:url\" content=\"https:\/\/thermoplast.eu\/produkty\/tasmy-ogrodzeniowe\/system-the-guard\/\" \/>\n<meta property=\"og:site_name\" content=\"Thermoplast\" \/>\n<meta property=\"article:publisher\" content=\"https:\/\/www.facebook.com\/Thermoplast-Sp-z-oo-137147659682317\" \/>\n<meta property=\"article:modified_time\" content=\"2024-08-30T07:43:00+00:00\" \/>\n<meta property=\"og:image\" content=\"https:\/\/thermoplast.eu\/wp-content\/uploads\/2021\/06\/fb-theguard.jpg\" \/>\n\t<meta property=\"og:image:width\" content=\"820\" \/>\n\t<meta property=\"og:image:height\" content=\"360\" \/>\n\t<meta property=\"og:image:type\" content=\"image\/jpeg\" \/>\n<meta name=\"twitter:card\" content=\"summary_large_image\" \/>\n<script type=\"application\/ld+json\" class=\"yoast-schema-graph\">{\"@context\":\"https:\\\/\\\/schema.org\",\"@graph\":[{\"@type\":\"WebPage\",\"@id\":\"https:\\\/\\\/thermoplast.eu\\\/produkty\\\/tasmy-ogrodzeniowe\\\/system-the-guard\\\/\",\"url\":\"https:\\\/\\\/thermoplast.eu\\\/produkty\\\/tasmy-ogrodzeniowe\\\/system-the-guard\\\/\",\"name\":\"LE SYST\u00c8ME DE GARDE - Thermoplast\",\"isPartOf\":{\"@id\":\"https:\\\/\\\/thermoplast.eu\\\/#website\"},\"primaryImageOfPage\":{\"@id\":\"https:\\\/\\\/thermoplast.eu\\\/produkty\\\/tasmy-ogrodzeniowe\\\/system-the-guard\\\/#primaryimage\"},\"image\":{\"@id\":\"https:\\\/\\\/thermoplast.eu\\\/produkty\\\/tasmy-ogrodzeniowe\\\/system-the-guard\\\/#primaryimage\"},\"thumbnailUrl\":\"https:\\\/\\\/thermoplast.eu\\\/wp-content\\\/uploads\\\/2021\\\/06\\\/fb-theguard.jpg\",\"datePublished\":\"2021-06-14T05:27:11+00:00\",\"dateModified\":\"2024-08-30T07:43:00+00:00\",\"description\":\"La couverture The Guard est une solution innovante pour les cl\u00f4tures sur le march\u00e9 polonais. Le syst\u00e8me se compose de bandes en plastique et de clips de montage qui assurent un montage stable des bandes dans le panneau de cl\u00f4ture.\",\"breadcrumb\":{\"@id\":\"https:\\\/\\\/thermoplast.eu\\\/produkty\\\/tasmy-ogrodzeniowe\\\/system-the-guard\\\/#breadcrumb\"},\"inLanguage\":\"fr-FR\",\"potentialAction\":[{\"@type\":\"ReadAction\",\"target\":[\"https:\\\/\\\/thermoplast.eu\\\/produkty\\\/tasmy-ogrodzeniowe\\\/system-the-guard\\\/\"]}]},{\"@type\":\"ImageObject\",\"inLanguage\":\"fr-FR\",\"@id\":\"https:\\\/\\\/thermoplast.eu\\\/produkty\\\/tasmy-ogrodzeniowe\\\/system-the-guard\\\/#primaryimage\",\"url\":\"https:\\\/\\\/thermoplast.eu\\\/wp-content\\\/uploads\\\/2021\\\/06\\\/fb-theguard.jpg\",\"contentUrl\":\"https:\\\/\\\/thermoplast.eu\\\/wp-content\\\/uploads\\\/2021\\\/06\\\/fb-theguard.jpg\",\"width\":820,\"height\":360,\"caption\":\"fb-theguard\"},{\"@type\":\"BreadcrumbList\",\"@id\":\"https:\\\/\\\/thermoplast.eu\\\/produkty\\\/tasmy-ogrodzeniowe\\\/system-the-guard\\\/#breadcrumb\",\"itemListElement\":[{\"@type\":\"ListItem\",\"position\":1,\"name\":\"Strona g\u0142\u00f3wna\",\"item\":\"https:\\\/\\\/thermoplast.eu\\\/fr\\\/\"},{\"@type\":\"ListItem\",\"position\":2,\"name\":\"DES PRODUITS\",\"item\":\"https:\\\/\\\/thermoplast.eu\\\/fr\\\/des-produits\\\/\"},{\"@type\":\"ListItem\",\"position\":3,\"name\":\"RUBANS DE CL\u00d4TURE\",\"item\":\"https:\\\/\\\/thermoplast.eu\\\/produkty\\\/tasmy-ogrodzeniowe\\\/\"},{\"@type\":\"ListItem\",\"position\":4,\"name\":\"LE SYST\u00c8ME DE GARDE\"}]},{\"@type\":\"WebSite\",\"@id\":\"https:\\\/\\\/thermoplast.eu\\\/#website\",\"url\":\"https:\\\/\\\/thermoplast.eu\\\/\",\"name\":\"Thermoplast\",\"description\":\"Producent profili z tworzyw sztucznych\",\"publisher\":{\"@id\":\"https:\\\/\\\/thermoplast.eu\\\/#organization\"},\"potentialAction\":[{\"@type\":\"SearchAction\",\"target\":{\"@type\":\"EntryPoint\",\"urlTemplate\":\"https:\\\/\\\/thermoplast.eu\\\/?s={search_term_string}\"},\"query-input\":{\"@type\":\"PropertyValueSpecification\",\"valueRequired\":true,\"valueName\":\"search_term_string\"}}],\"inLanguage\":\"fr-FR\"},{\"@type\":\"Organization\",\"@id\":\"https:\\\/\\\/thermoplast.eu\\\/#organization\",\"name\":\"Thermoplast Super S.A.\",\"url\":\"https:\\\/\\\/thermoplast.eu\\\/\",\"logo\":{\"@type\":\"ImageObject\",\"inLanguage\":\"fr-FR\",\"@id\":\"https:\\\/\\\/thermoplast.eu\\\/#\\\/schema\\\/logo\\\/image\\\/\",\"url\":\"https:\\\/\\\/thermoplast.eu\\\/wp-content\\\/uploads\\\/2017\\\/02\\\/logo_org.png\",\"contentUrl\":\"https:\\\/\\\/thermoplast.eu\\\/wp-content\\\/uploads\\\/2017\\\/02\\\/logo_org.png\",\"width\":469,\"height\":176,\"caption\":\"Thermoplast Super S.A.\"},\"image\":{\"@id\":\"https:\\\/\\\/thermoplast.eu\\\/#\\\/schema\\\/logo\\\/image\\\/\"},\"sameAs\":[\"https:\\\/\\\/www.facebook.com\\\/Thermoplast-Sp-z-oo-137147659682317\",\"https:\\\/\\\/www.linkedin.com\\\/company\\\/7250253\",\"https:\\\/\\\/www.youtube.com\\\/channel\\\/UCqu_qzsv1431IOAwbIojngA\"]},false]}<\/script>\n<!-- \/ Yoast SEO plugin. -->","yoast_head_json":{"title":"LE SYST\u00c8ME DE GARDE - Thermoplast","description":"La couverture The Guard est une solution innovante pour les cl\u00f4tures sur le march\u00e9 polonais. Le syst\u00e8me se compose de bandes en plastique et de clips de montage qui assurent un montage stable des bandes dans le panneau de cl\u00f4ture.","robots":{"index":"index","follow":"follow","max-snippet":"max-snippet:-1","max-image-preview":"max-image-preview:large","max-video-preview":"max-video-preview:-1"},"canonical":"https:\/\/thermoplast.eu\/produkty\/tasmy-ogrodzeniowe\/system-the-guard\/","og_locale":"fr_FR","og_type":"article","og_title":"LE SYST\u00c8ME DE GARDE - Thermoplast","og_description":"La couverture The Guard est une solution innovante pour les cl\u00f4tures sur le march\u00e9 polonais. Le syst\u00e8me se compose de bandes en plastique et de clips de montage qui assurent un montage stable des bandes dans le panneau de cl\u00f4ture.","og_url":"https:\/\/thermoplast.eu\/produkty\/tasmy-ogrodzeniowe\/system-the-guard\/","og_site_name":"Thermoplast","article_publisher":"https:\/\/www.facebook.com\/Thermoplast-Sp-z-oo-137147659682317","article_modified_time":"2024-08-30T07:43:00+00:00","og_image":[{"width":820,"height":360,"url":"https:\/\/thermoplast.eu\/wp-content\/uploads\/2021\/06\/fb-theguard.jpg","type":"image\/jpeg"}],"twitter_card":"summary_large_image","schema":{"@context":"https:\/\/schema.org","@graph":[{"@type":"WebPage","@id":"https:\/\/thermoplast.eu\/produkty\/tasmy-ogrodzeniowe\/system-the-guard\/","url":"https:\/\/thermoplast.eu\/produkty\/tasmy-ogrodzeniowe\/system-the-guard\/","name":"LE SYST\u00c8ME DE GARDE - Thermoplast","isPartOf":{"@id":"https:\/\/thermoplast.eu\/#website"},"primaryImageOfPage":{"@id":"https:\/\/thermoplast.eu\/produkty\/tasmy-ogrodzeniowe\/system-the-guard\/#primaryimage"},"image":{"@id":"https:\/\/thermoplast.eu\/produkty\/tasmy-ogrodzeniowe\/system-the-guard\/#primaryimage"},"thumbnailUrl":"https:\/\/thermoplast.eu\/wp-content\/uploads\/2021\/06\/fb-theguard.jpg","datePublished":"2021-06-14T05:27:11+00:00","dateModified":"2024-08-30T07:43:00+00:00","description":"La couverture The Guard est une solution innovante pour les cl\u00f4tures sur le march\u00e9 polonais. Le syst\u00e8me se compose de bandes en plastique et de clips de montage qui assurent un montage stable des bandes dans le panneau de cl\u00f4ture.","breadcrumb":{"@id":"https:\/\/thermoplast.eu\/produkty\/tasmy-ogrodzeniowe\/system-the-guard\/#breadcrumb"},"inLanguage":"fr-FR","potentialAction":[{"@type":"ReadAction","target":["https:\/\/thermoplast.eu\/produkty\/tasmy-ogrodzeniowe\/system-the-guard\/"]}]},{"@type":"ImageObject","inLanguage":"fr-FR","@id":"https:\/\/thermoplast.eu\/produkty\/tasmy-ogrodzeniowe\/system-the-guard\/#primaryimage","url":"https:\/\/thermoplast.eu\/wp-content\/uploads\/2021\/06\/fb-theguard.jpg","contentUrl":"https:\/\/thermoplast.eu\/wp-content\/uploads\/2021\/06\/fb-theguard.jpg","width":820,"height":360,"caption":"fb-theguard"},{"@type":"BreadcrumbList","@id":"https:\/\/thermoplast.eu\/produkty\/tasmy-ogrodzeniowe\/system-the-guard\/#breadcrumb","itemListElement":[{"@type":"ListItem","position":1,"name":"Strona g\u0142\u00f3wna","item":"https:\/\/thermoplast.eu\/fr\/"},{"@type":"ListItem","position":2,"name":"DES PRODUITS","item":"https:\/\/thermoplast.eu\/fr\/des-produits\/"},{"@type":"ListItem","position":3,"name":"RUBANS DE CL\u00d4TURE","item":"https:\/\/thermoplast.eu\/produkty\/tasmy-ogrodzeniowe\/"},{"@type":"ListItem","position":4,"name":"LE SYST\u00c8ME DE GARDE"}]},{"@type":"WebSite","@id":"https:\/\/thermoplast.eu\/#website","url":"https:\/\/thermoplast.eu\/","name":"Thermoplast","description":"Producent profili z tworzyw sztucznych","publisher":{"@id":"https:\/\/thermoplast.eu\/#organization"},"potentialAction":[{"@type":"SearchAction","target":{"@type":"EntryPoint","urlTemplate":"https:\/\/thermoplast.eu\/?s={search_term_string}"},"query-input":{"@type":"PropertyValueSpecification","valueRequired":true,"valueName":"search_term_string"}}],"inLanguage":"fr-FR"},{"@type":"Organization","@id":"https:\/\/thermoplast.eu\/#organization","name":"Thermoplast Super S.A.","url":"https:\/\/thermoplast.eu\/","logo":{"@type":"ImageObject","inLanguage":"fr-FR","@id":"https:\/\/thermoplast.eu\/#\/schema\/logo\/image\/","url":"https:\/\/thermoplast.eu\/wp-content\/uploads\/2017\/02\/logo_org.png","contentUrl":"https:\/\/thermoplast.eu\/wp-content\/uploads\/2017\/02\/logo_org.png","width":469,"height":176,"caption":"Thermoplast Super S.A."},"image":{"@id":"https:\/\/thermoplast.eu\/#\/schema\/logo\/image\/"},"sameAs":["https:\/\/www.facebook.com\/Thermoplast-Sp-z-oo-137147659682317","https:\/\/www.linkedin.com\/company\/7250253","https:\/\/www.youtube.com\/channel\/UCqu_qzsv1431IOAwbIojngA"]},false]}},"yasr_visitor_votes":{"stars_attributes":{"read_only":false,"span_bottom":false},"number_of_votes":0,"sum_votes":0},"_links":{"self":[{"href":"https:\/\/thermoplast.eu\/fr\/wp-json\/wp\/v2\/pages\/4898","targetHints":{"allow":["GET"]}}],"collection":[{"href":"https:\/\/thermoplast.eu\/fr\/wp-json\/wp\/v2\/pages"}],"about":[{"href":"https:\/\/thermoplast.eu\/fr\/wp-json\/wp\/v2\/types\/page"}],"author":[{"embeddable":true,"href":"https:\/\/thermoplast.eu\/fr\/wp-json\/wp\/v2\/users\/1"}],"replies":[{"embeddable":true,"href":"https:\/\/thermoplast.eu\/fr\/wp-json\/wp\/v2\/comments?post=4898"}],"version-history":[{"count":1,"href":"https:\/\/thermoplast.eu\/fr\/wp-json\/wp\/v2\/pages\/4898\/revisions"}],"predecessor-version":[{"id":4900,"href":"https:\/\/thermoplast.eu\/fr\/wp-json\/wp\/v2\/pages\/4898\/revisions\/4900"}],"up":[{"embeddable":true,"href":"https:\/\/thermoplast.eu\/fr\/wp-json\/wp\/v2\/pages\/4854"}],"wp:featuredmedia":[{"embeddable":true,"href":"https:\/\/thermoplast.eu\/fr\/wp-json\/wp\/v2\/media\/4750"}],"wp:attachment":[{"href":"https:\/\/thermoplast.eu\/fr\/wp-json\/wp\/v2\/media?parent=4898"}],"curies":[{"name":"wp","href":"https:\/\/api.w.org\/{rel}","templated":true}]}}