{"id":3733,"date":"2017-02-24T17:06:11","date_gmt":"2017-02-24T16:06:11","guid":{"rendered":"https:\/\/thermoplast.eu\/strona-glowna\/"},"modified":"2025-02-10T07:42:17","modified_gmt":"2025-02-10T06:42:17","slug":"strona-glowna","status":"publish","type":"page","link":"https:\/\/thermoplast.eu\/fr\/","title":{"rendered":"ACCUEIL"},"content":{"rendered":"<div style='text-align:center' class='yasr-auto-insert-visitor'><!--Yasr Visitor Votes Shortcode--><div id='yasr_visitor_votes_194138e5ed69e' class='yasr-visitor-votes'><div class=\"yasr-custom-text-vv-before yasr-custom-text-vv-before-3733\">Oce\u0144 artyku\u0142<\/div><div id='yasr-vv-second-row-container-194138e5ed69e'\r\n                                        class='yasr-vv-second-row-container'><div id='yasr-visitor-votes-rater-194138e5ed69e'\r\n                                      class='yasr-rater-stars-vv'\r\n                                      data-rater-postid='3733'\r\n                                      data-rating='0'\r\n                                      data-rater-starsize='24'\r\n                                      data-rater-readonly='false'\r\n                                      data-rater-nonce='705e59d185'\r\n                                      data-issingular='false'\r\n                                    ><\/div><div class=\"yasr-vv-stats-text-container\" id=\"yasr-vv-stats-text-container-194138e5ed69e\"><span id=\"yasr-vv-text-container-194138e5ed69e\" class=\"yasr-vv-text-container\">[Wszystkich g\u0142os\u00f3w: <span id=\"yasr-vv-votes-number-container-194138e5ed69e\">0<\/span> \u015arednia: <span id=\"yasr-vv-average-container-194138e5ed69e\">0<\/span>]<\/span><\/div><div id='yasr-vv-loader-194138e5ed69e' class='yasr-vv-container-loader'><\/div><\/div><div id='yasr-vv-bottom-container-194138e5ed69e'\r\n                              class='yasr-vv-bottom-container'\r\n                              style='display:none'><\/div><\/div><!--End Yasr Visitor Votes Shortcode--><\/div>","protected":false},"excerpt":{"rendered":"<p>Oce\u0144 artyku\u0142[Wszystkich g\u0142os\u00f3w: 0 \u015arednia: 0]<\/p>\n","protected":false},"author":1,"featured_media":0,"parent":0,"menu_order":0,"comment_status":"closed","ping_status":"closed","template":"","meta":{"yasr_overall_rating":0,"yasr_post_is_review":"","yasr_auto_insert_disabled":"","yasr_review_type":"","footnotes":""},"class_list":["post-3733","page","type-page","status-publish","hentry"],"yoast_head":"<!-- This site is optimized with the Yoast SEO plugin v27.4 - https:\/\/yoast.com\/product\/yoast-seo-wordpress\/ -->\n<title>Fabricant de profils en plastique - Thermoplast<\/title>\n<meta name=\"description\" content=\"Thermoplast est un fabricant de rubans, profil\u00e9s, bandes et plinthes pour cl\u00f4tures avec de nombreuses ann\u00e9es d&#039;exp\u00e9rience.\" \/>\n<meta name=\"robots\" content=\"index, follow, max-snippet:-1, max-image-preview:large, max-video-preview:-1\" \/>\n<link rel=\"canonical\" href=\"https:\/\/thermoplast.eu\/fr\/\" \/>\n<meta property=\"og:locale\" content=\"fr_FR\" \/>\n<meta property=\"og:type\" content=\"article\" \/>\n<meta property=\"og:title\" content=\"Thermoplast - Producent profili z Tworzyw sztucznych\" \/>\n<meta property=\"og:description\" content=\"Specjalizujemy si\u0119 w projektowaniu i budowaniu narz\u0119dzi do ekstruzji oraz w wyt\u0142aczaniu profili indywidualnych inwestor\u00f3w z r\u00f3\u017cnych ga\u0142\u0119zi przemys\u0142u.\" \/>\n<meta property=\"og:url\" content=\"https:\/\/thermoplast.eu\/fr\/\" \/>\n<meta property=\"og:site_name\" content=\"Thermoplast\" \/>\n<meta property=\"article:publisher\" content=\"https:\/\/www.facebook.com\/Thermoplast-Sp-z-oo-137147659682317\" \/>\n<meta property=\"article:modified_time\" content=\"2025-02-10T06:42:17+00:00\" \/>\n<meta property=\"og:image\" content=\"https:\/\/thermoplast.eu\/wp-content\/uploads\/2017\/02\/thermoplast_logomale.jpg\" \/>\n\t<meta property=\"og:image:width\" content=\"165\" \/>\n\t<meta property=\"og:image:height\" content=\"62\" \/>\n\t<meta property=\"og:image:type\" content=\"image\/jpeg\" \/>\n<meta name=\"twitter:card\" content=\"summary_large_image\" \/>\n<script type=\"application\/ld+json\" class=\"yoast-schema-graph\">{\"@context\":\"https:\\\/\\\/schema.org\",\"@graph\":[{\"@type\":\"WebPage\",\"@id\":\"https:\\\/\\\/thermoplast.eu\\\/fr\\\/\",\"url\":\"https:\\\/\\\/thermoplast.eu\\\/fr\\\/\",\"name\":\"Fabricant de profils en plastique - Thermoplast\",\"isPartOf\":{\"@id\":\"https:\\\/\\\/thermoplast.eu\\\/#website\"},\"datePublished\":\"2017-02-24T16:06:11+00:00\",\"dateModified\":\"2025-02-10T06:42:17+00:00\",\"description\":\"Thermoplast est un fabricant de rubans, profil\u00e9s, bandes et plinthes pour cl\u00f4tures avec de nombreuses ann\u00e9es d'exp\u00e9rience.\",\"breadcrumb\":{\"@id\":\"https:\\\/\\\/thermoplast.eu\\\/fr\\\/#breadcrumb\"},\"inLanguage\":\"fr-FR\",\"potentialAction\":[{\"@type\":\"ReadAction\",\"target\":[\"https:\\\/\\\/thermoplast.eu\\\/fr\\\/\"]}]},{\"@type\":\"BreadcrumbList\",\"@id\":\"https:\\\/\\\/thermoplast.eu\\\/fr\\\/#breadcrumb\",\"itemListElement\":[{\"@type\":\"ListItem\",\"position\":1,\"name\":\"Strona g\u0142\u00f3wna\",\"item\":\"https:\\\/\\\/thermoplast.eu\\\/fr\\\/\"},{\"@type\":\"ListItem\",\"position\":2,\"name\":\"ACCUEIL\"}]},{\"@type\":\"WebSite\",\"@id\":\"https:\\\/\\\/thermoplast.eu\\\/#website\",\"url\":\"https:\\\/\\\/thermoplast.eu\\\/\",\"name\":\"Thermoplast\",\"description\":\"Producent profili z tworzyw sztucznych\",\"publisher\":{\"@id\":\"https:\\\/\\\/thermoplast.eu\\\/#organization\"},\"potentialAction\":[{\"@type\":\"SearchAction\",\"target\":{\"@type\":\"EntryPoint\",\"urlTemplate\":\"https:\\\/\\\/thermoplast.eu\\\/?s={search_term_string}\"},\"query-input\":{\"@type\":\"PropertyValueSpecification\",\"valueRequired\":true,\"valueName\":\"search_term_string\"}}],\"inLanguage\":\"fr-FR\"},{\"@type\":\"Organization\",\"@id\":\"https:\\\/\\\/thermoplast.eu\\\/#organization\",\"name\":\"Thermoplast Super S.A.\",\"url\":\"https:\\\/\\\/thermoplast.eu\\\/\",\"logo\":{\"@type\":\"ImageObject\",\"inLanguage\":\"fr-FR\",\"@id\":\"https:\\\/\\\/thermoplast.eu\\\/#\\\/schema\\\/logo\\\/image\\\/\",\"url\":\"https:\\\/\\\/thermoplast.eu\\\/wp-content\\\/uploads\\\/2017\\\/02\\\/logo_org.png\",\"contentUrl\":\"https:\\\/\\\/thermoplast.eu\\\/wp-content\\\/uploads\\\/2017\\\/02\\\/logo_org.png\",\"width\":469,\"height\":176,\"caption\":\"Thermoplast Super S.A.\"},\"image\":{\"@id\":\"https:\\\/\\\/thermoplast.eu\\\/#\\\/schema\\\/logo\\\/image\\\/\"},\"sameAs\":[\"https:\\\/\\\/www.facebook.com\\\/Thermoplast-Sp-z-oo-137147659682317\",\"https:\\\/\\\/www.linkedin.com\\\/company\\\/7250253\",\"https:\\\/\\\/www.youtube.com\\\/channel\\\/UCqu_qzsv1431IOAwbIojngA\"]},false]}<\/script>\n<!-- \/ Yoast SEO plugin. -->","yoast_head_json":{"title":"Fabricant de profils en plastique - Thermoplast","description":"Thermoplast est un fabricant de rubans, profil\u00e9s, bandes et plinthes pour cl\u00f4tures avec de nombreuses ann\u00e9es d'exp\u00e9rience.","robots":{"index":"index","follow":"follow","max-snippet":"max-snippet:-1","max-image-preview":"max-image-preview:large","max-video-preview":"max-video-preview:-1"},"canonical":"https:\/\/thermoplast.eu\/fr\/","og_locale":"fr_FR","og_type":"article","og_title":"Thermoplast - Producent profili z Tworzyw sztucznych","og_description":"Specjalizujemy si\u0119 w projektowaniu i budowaniu narz\u0119dzi do ekstruzji oraz w wyt\u0142aczaniu profili indywidualnych inwestor\u00f3w z r\u00f3\u017cnych ga\u0142\u0119zi przemys\u0142u.","og_url":"https:\/\/thermoplast.eu\/fr\/","og_site_name":"Thermoplast","article_publisher":"https:\/\/www.facebook.com\/Thermoplast-Sp-z-oo-137147659682317","article_modified_time":"2025-02-10T06:42:17+00:00","og_image":[{"width":165,"height":62,"url":"https:\/\/thermoplast.eu\/wp-content\/uploads\/2017\/02\/thermoplast_logomale.jpg","type":"image\/jpeg"}],"twitter_card":"summary_large_image","schema":{"@context":"https:\/\/schema.org","@graph":[{"@type":"WebPage","@id":"https:\/\/thermoplast.eu\/fr\/","url":"https:\/\/thermoplast.eu\/fr\/","name":"Fabricant de profils en plastique - Thermoplast","isPartOf":{"@id":"https:\/\/thermoplast.eu\/#website"},"datePublished":"2017-02-24T16:06:11+00:00","dateModified":"2025-02-10T06:42:17+00:00","description":"Thermoplast est un fabricant de rubans, profil\u00e9s, bandes et plinthes pour cl\u00f4tures avec de nombreuses ann\u00e9es d'exp\u00e9rience.","breadcrumb":{"@id":"https:\/\/thermoplast.eu\/fr\/#breadcrumb"},"inLanguage":"fr-FR","potentialAction":[{"@type":"ReadAction","target":["https:\/\/thermoplast.eu\/fr\/"]}]},{"@type":"BreadcrumbList","@id":"https:\/\/thermoplast.eu\/fr\/#breadcrumb","itemListElement":[{"@type":"ListItem","position":1,"name":"Strona g\u0142\u00f3wna","item":"https:\/\/thermoplast.eu\/fr\/"},{"@type":"ListItem","position":2,"name":"ACCUEIL"}]},{"@type":"WebSite","@id":"https:\/\/thermoplast.eu\/#website","url":"https:\/\/thermoplast.eu\/","name":"Thermoplast","description":"Producent profili z tworzyw sztucznych","publisher":{"@id":"https:\/\/thermoplast.eu\/#organization"},"potentialAction":[{"@type":"SearchAction","target":{"@type":"EntryPoint","urlTemplate":"https:\/\/thermoplast.eu\/?s={search_term_string}"},"query-input":{"@type":"PropertyValueSpecification","valueRequired":true,"valueName":"search_term_string"}}],"inLanguage":"fr-FR"},{"@type":"Organization","@id":"https:\/\/thermoplast.eu\/#organization","name":"Thermoplast Super S.A.","url":"https:\/\/thermoplast.eu\/","logo":{"@type":"ImageObject","inLanguage":"fr-FR","@id":"https:\/\/thermoplast.eu\/#\/schema\/logo\/image\/","url":"https:\/\/thermoplast.eu\/wp-content\/uploads\/2017\/02\/logo_org.png","contentUrl":"https:\/\/thermoplast.eu\/wp-content\/uploads\/2017\/02\/logo_org.png","width":469,"height":176,"caption":"Thermoplast Super S.A."},"image":{"@id":"https:\/\/thermoplast.eu\/#\/schema\/logo\/image\/"},"sameAs":["https:\/\/www.facebook.com\/Thermoplast-Sp-z-oo-137147659682317","https:\/\/www.linkedin.com\/company\/7250253","https:\/\/www.youtube.com\/channel\/UCqu_qzsv1431IOAwbIojngA"]},false]}},"yasr_visitor_votes":{"stars_attributes":{"read_only":false,"span_bottom":false},"number_of_votes":0,"sum_votes":0},"_links":{"self":[{"href":"https:\/\/thermoplast.eu\/fr\/wp-json\/wp\/v2\/pages\/3733","targetHints":{"allow":["GET"]}}],"collection":[{"href":"https:\/\/thermoplast.eu\/fr\/wp-json\/wp\/v2\/pages"}],"about":[{"href":"https:\/\/thermoplast.eu\/fr\/wp-json\/wp\/v2\/types\/page"}],"author":[{"embeddable":true,"href":"https:\/\/thermoplast.eu\/fr\/wp-json\/wp\/v2\/users\/1"}],"replies":[{"embeddable":true,"href":"https:\/\/thermoplast.eu\/fr\/wp-json\/wp\/v2\/comments?post=3733"}],"version-history":[{"count":3,"href":"https:\/\/thermoplast.eu\/fr\/wp-json\/wp\/v2\/pages\/3733\/revisions"}],"predecessor-version":[{"id":3752,"href":"https:\/\/thermoplast.eu\/fr\/wp-json\/wp\/v2\/pages\/3733\/revisions\/3752"}],"wp:attachment":[{"href":"https:\/\/thermoplast.eu\/fr\/wp-json\/wp\/v2\/media?parent=3733"}],"curies":[{"name":"wp","href":"https:\/\/api.w.org\/{rel}","templated":true}]}}