{"id":6390,"date":"2021-03-23T14:59:12","date_gmt":"2021-03-23T13:59:12","guid":{"rendered":"https:\/\/thermoplast.eu\/polityka-prywatnosci-i-plikow-cookies\/"},"modified":"2024-01-09T12:22:14","modified_gmt":"2024-01-09T11:22:14","slug":"privacy-and-cookies-policy","status":"publish","type":"page","link":"https:\/\/thermoplast.eu\/en\/privacy-and-cookies-policy\/","title":{"rendered":"PRIVACY AND COOKIES POLICY"},"content":{"rendered":"\n<h1 class=\"wp-block-heading\"><strong>PRIVACY AND COOKIES POLICY<\/strong><\/h1>\n\n\n\n<p><strong><strong>I GENERAL PROVISIONS:<\/strong><\/strong><\/p>\n\n\n\n<ol class=\"wp-block-list\">\n<li>The controller of the personal data collected via the website is the company Thermoplast Technology P.S.A., based in Libi\u0105\u017c, ul. Wilcza 3, 32-590 Libi\u0105\u017c, registered with the National Court Register (KRS) under KRS No. 0001074543, Tax ID: 6282281779, Enterprise ID (REGON): 387822475, email: biuro@thermoplast.com.pl, hereinafter \u201cthe Controller\u201d who is also the Service Provider. place of business: Wilcza 3, 32-590 Libi\u0105\u017c, address for service: Wilcza 3, 32-590 Libi\u0105\u017c, Tax ID: 6280001468, Enterprise ID (REGON): 001397229, e-mail address: biuro@thermoplast.com.pl, hereinafter referred to as \u201cthe Controller\u201d.<\/li>\n\n\n\n<li>The personal data collected by the Controller through the website is processed in accordance with Regulation (EU) 2016\/679 of the European Parliament and of the Council of 27 April 2016 on the protection of natural persons with regard to the processing of personal data and on the free movement of such data and repealing Directive 95\/46\/EC (General Data Protection Regulation), hereinafter referred to as the GDPR and the Data Protection Act of 10 May 2018.<\/li>\n<\/ol>\n\n\n\n<p><strong><strong>II TYPE OF PERSONAL DATA PROCESSED, PURPOSE AND SCOPE OF DATA COLLECTION<\/strong><\/strong><\/p>\n\n\n\n<p><strong>PURPOSE OF PROCESSING AND LEGAL BASIS.&nbsp;<\/strong><\/p>\n\n\n\n<p>The Controller processes personal data through the website in the event of:<\/p>\n\n\n\n<ol class=\"wp-block-list\">\n<li>the user\u2019s use of the contact form. In that case, the personal data is processed pursuant to Article 6(1)(a) based on the user\u2019s consent and Article 6(1)(f) of the GDPR as a legitimate interest of the Controller&nbsp;in order to possibly assert or defend against such claims,<\/li>\n\n\n\n<li>subscription by the user to the Newsletter for the purpose of sending commercial information by e-mail. In that case, the personal data is processed upon separate consent, on the basis of Article 6(1)(a) of the GDPR<\/li>\n\n\n\n<li>to present an offer, to enable orders to be placed and fulfilled and to conclude contracts for the sale of products offered by the company (based on Article 6(1)(b) of the GDPR),<\/li>\n<\/ol>\n\n\n\n<p><strong>TYPE OF PERSONAL DATA PROCESSED.&nbsp;<\/strong><\/p>\n\n\n\n<p>The Controller processes the following categories of the user\u2019s personal data:<\/p>\n\n\n\n<ol class=\"wp-block-list\">\n<li>First and last name,<\/li>\n\n\n\n<li>Address (of residence),<\/li>\n\n\n\n<li>E-mail address,<\/li>\n\n\n\n<li>Phone number<\/li>\n<\/ol>\n\n\n\n<p><strong>III ARCHIVING PERIOD FOR PERSONAL DATA.<\/strong><strong>&nbsp;<\/strong><\/p>\n\n\n\n<ol class=\"wp-block-list\">\n<li>The user\u2019s personal data is stored by the Controller:<\/li>\n\n\n\n<li>where the processing is based on the performance of a contract, for as long as is necessary for the performance of the contract and thereafter for a period corresponding to the period of limitation of claims. Unless otherwise provided by a specific provision, the limitation period is six years, and three years for claims for periodic benefits and claims relating to the conduct of business.<\/li>\n\n\n\n<li>where processing is based on consent, for as long as the consent is not revoked and, after revocation of the consent, for a period of time corresponding to the period of limitation of claims that the Controller may assert and that may be asserted against him. Unless otherwise provided by a specific provision, the limitation period is six years, and three years for claims for periodic benefits and claims relating to the conduct of business.<\/li>\n\n\n\n<li>when using the website, additional information may be collected, in particular: the IP address assigned to the user\u2019s computer or the external IP address of the user\u2019s Internet provider, domain name, browser type, access time, operating system type.<\/li>\n\n\n\n<li>Navigation data may also be collected from users, including information about the links and references they choose to click on or other actions they take on the website. The legal basis for such activities is the Controller\u2019s legitimate interest (Article 6(1)(f) of the GDPR) in facilitating the use of electronically provided services and improving the functionality of these services.<\/li>\n\n\n\n<li>The provision of personal data by the user is voluntary.<\/li>\n\n\n\n<li>The personal data will also be processed by automated means in the form of profiling, provided that the user have given their consent on the basis of Article 6(1)(a) of the GDPR. The consequence of profiling will be the assignment of a profile to a person in order to make decisions concerning them or to analyse or predict their preferences, behaviour and attitudes.<\/li>\n\n\n\n<li>The Controller shall take special care to protect the interests of the data subjects and, in particular, shall ensure that the data it collects are:<\/li>\n\n\n\n<li>processed in accordance with the law,<\/li>\n\n\n\n<li>collected for specified, legitimate purposes and not subjected to further processing incompatible with those purposes,<\/li>\n\n\n\n<li>substantially correct and adequate in relation to the purposes for which they are processed and kept in a form which permits identification of data subjects for no longer than is necessary to achieve the purpose of the processing.<\/li>\n<\/ol>\n\n\n\n<p><strong>IV DISCLOSURE OF PERSONAL DATA<\/strong><strong><\/strong><\/p>\n\n\n\n<ol class=\"wp-block-list\">\n<li>Users\u2019 personal data is passed on to the service providers used by the Controller to operate the website. Service providers to whom personal data is transferred, depending on the contractual arrangements and circumstances, are either subject to the instructions of the Controller as to the purposes and means of processing such data (processors) or determine the purposes and means of processing themselves (controllers).<\/li>\n\n\n\n<li>Users\u2019 personal data is stored exclusively in the European Economic Area (EEA).<\/li>\n<\/ol>\n\n\n\n<p><strong>V THE RIGHT TO CONTROL, ACCESS AND CORRECT THEIR OWN DATA<\/strong><strong><\/strong><\/p>\n\n\n\n<ol class=\"wp-block-list\">\n<li>The data subject has the right of access to the content of their personal data and the right to rectification, erasure, restriction of processing, the right to data portability, the right to object, the right to withdraw consent at any time without affecting the lawfulness of the processing carried out on the basis of consent before its withdrawal.<\/li>\n\n\n\n<li>Legal basis of the user\u2019s request:<\/li>\n\n\n\n<li><strong>Access to data<\/strong>&nbsp;\u2013 Article 15 of the GDPR<\/li>\n\n\n\n<li><strong>Rectification of data<\/strong>&nbsp;\u2013 Article 16 of the GDPR.<\/li>\n\n\n\n<li><strong>Deletion of data (the so-called right to be forgotten)<\/strong>&nbsp;\u2013 Article 17 of the GDPR.<\/li>\n\n\n\n<li><strong>Restriction of processing<\/strong>&nbsp;\u2013 Article 18 of the GDPR.<\/li>\n\n\n\n<li><strong>Data portability<\/strong>&nbsp;\u2013 Article 20 of the GDPR.<\/li>\n\n\n\n<li><strong>Objection<\/strong>&nbsp;\u2013 Article 21 of the GDPR.<\/li>\n\n\n\n<li><strong>Withdrawal of consent<\/strong>&nbsp;\u2013 Article 7(3) of the GDPR.<\/li>\n\n\n\n<li>In order to exercise the rights referred to in point 2, the user can send a relevant e-mail message to:&nbsp;<a href=\"mailto:biuro@thermoplast.com.pl\">biuro@thermoplast.com.pl<\/a>.<\/li>\n\n\n\n<li>In the event a user asserts one of the rights under the above rights, the Controller shall either comply with the request or refuse to comply with the request immediately, but no later than one month after receiving the request. However, if \u2013 due to the complexity of the request or the number of requests \u2013 the Controller is unable to comply with the request within one month, it shall comply with the request within a further two months by informing the user in advance \u2013 within one month of receipt of the request \u2013 of the intended extension and the reasons for it.<\/li>\n\n\n\n<li>If it is established that the processing of personal data violates the provisions of the GDPR, the data subject has the right to lodge a complaint with the President of the Data Protection Authority.<\/li>\n<\/ol>\n\n\n\n<p><strong>VI COOKIES<\/strong><strong><\/strong><\/p>\n\n\n\n<ol class=\"wp-block-list\">\n<li>The Controller\u2019s website uses \u201ccookies\u201d.<\/li>\n\n\n\n<li>The installation of cookies is necessary for the correct provision of services on the website. Cookies contain the information necessary for the proper functioning of the website and also provide the possibility of compiling general statistics on website visits.<\/li>\n\n\n\n<li>The following types of \u201ccookies\u201d are used within the website: session cookies.<\/li>\n\n\n\n<li>\u201cSession cookies\u201d are temporary files that are stored on the user\u2019s terminal equipment until the user logs out (leaves the website).<\/li>\n\n\n\n<li>The Controller uses its own cookies to understand better how the user interacts with the content of the website. The cookies collect information about the user\u2019s use of the website, the type of website from which the user was redirected and the number of visits and the length of time the user visited the website. This information does not record the user\u2019s specific personal data, but is used to compile statistics on the use of the website.<\/li>\n\n\n\n<li>The user has the right to decide on the access of cookies to their computer by selecting them in advance in their browser window. &nbsp;Detailed information on the possibility and method of enabling cookies are available in the software (web browser) settings.<\/li>\n<\/ol>\n\n\n\n<p><strong>VII FINAL PROVISIONS<\/strong><strong><\/strong><\/p>\n\n\n\n<ol class=\"wp-block-list\">\n<li>The Controller shall apply technical and organisational measures to ensure the protection of the processed personal data appropriate to the risks and categories of data protected, and in particular to protect the data against them being accessed by unauthorised persons, against them being taken by an unauthorised person, against them being processed in violation of the applicable regulations, and against their alteration, loss, damage or destruction.<\/li>\n\n\n\n<li>The Controller shall make available appropriate technical measures to prevent the acquisition and modification by unauthorised persons, of personal data sent electronically.<\/li>\n\n\n\n<li>In matters not covered by this Privacy Policy, the provisions of the GDPR and other relevant provisions of Polish law shall apply accordingly.<\/li>\n<\/ol>\n<div style='text-align:center' class='yasr-auto-insert-visitor'><!--Yasr Visitor Votes Shortcode--><div id='yasr_visitor_votes_9ce3f6a416147' class='yasr-visitor-votes'><div class=\"yasr-custom-text-vv-before yasr-custom-text-vv-before-6390\">Oce\u0144 artyku\u0142<\/div><div id='yasr-vv-second-row-container-9ce3f6a416147'\r\n                                        class='yasr-vv-second-row-container'><div id='yasr-visitor-votes-rater-9ce3f6a416147'\r\n                                      class='yasr-rater-stars-vv'\r\n                                      data-rater-postid='6390'\r\n                                      data-rating='0'\r\n                                      data-rater-starsize='24'\r\n                                      data-rater-readonly='false'\r\n                                      data-rater-nonce='90a75ac1e4'\r\n                                      data-issingular='false'\r\n                                    ><\/div><div class=\"yasr-vv-stats-text-container\" id=\"yasr-vv-stats-text-container-9ce3f6a416147\"><span id=\"yasr-vv-text-container-9ce3f6a416147\" class=\"yasr-vv-text-container\">[Wszystkich g\u0142os\u00f3w: <span id=\"yasr-vv-votes-number-container-9ce3f6a416147\">0<\/span> \u015arednia: <span id=\"yasr-vv-average-container-9ce3f6a416147\">0<\/span>]<\/span><\/div><div id='yasr-vv-loader-9ce3f6a416147' class='yasr-vv-container-loader'><\/div><\/div><div id='yasr-vv-bottom-container-9ce3f6a416147'\r\n                              class='yasr-vv-bottom-container'\r\n                              style='display:none'><\/div><\/div><!--End Yasr Visitor Votes Shortcode--><\/div>","protected":false},"excerpt":{"rendered":"<p>PRIVACY AND COOKIES POLICY I GENERAL PROVISIONS: II TYPE OF PERSONAL DATA PROCESSED, PURPOSE AND SCOPE OF DATA COLLECTION PURPOSE OF PROCESSING AND LEGAL BASIS.&nbsp; The<span class=\"excerpt-hellip\"> [\u2026]<\/span><\/p>\n","protected":false},"author":1,"featured_media":0,"parent":0,"menu_order":0,"comment_status":"closed","ping_status":"closed","template":"","meta":{"yasr_overall_rating":0,"yasr_post_is_review":"","yasr_auto_insert_disabled":"","yasr_review_type":"","footnotes":""},"class_list":["post-6390","page","type-page","status-publish","hentry"],"yoast_head":"<!-- This site is optimized with the Yoast SEO plugin v27.5 - https:\/\/yoast.com\/product\/yoast-seo-wordpress\/ -->\n<title>PRIVACY AND COOKIES POLICY - Thermoplast<\/title>\n<meta name=\"robots\" content=\"index, follow, max-snippet:-1, max-image-preview:large, max-video-preview:-1\" \/>\n<link rel=\"canonical\" href=\"https:\/\/thermoplast.eu\/en\/privacy-and-cookies-policy\/\" \/>\n<meta property=\"og:locale\" content=\"en_US\" \/>\n<meta property=\"og:type\" content=\"article\" \/>\n<meta property=\"og:title\" content=\"PRIVACY AND COOKIES POLICY - Thermoplast\" \/>\n<meta property=\"og:description\" content=\"PRIVACY AND COOKIES POLICY I GENERAL PROVISIONS: II TYPE OF PERSONAL DATA PROCESSED, PURPOSE AND SCOPE OF DATA COLLECTION PURPOSE OF PROCESSING AND LEGAL BASIS.&nbsp; The [\u2026]\" \/>\n<meta property=\"og:url\" content=\"https:\/\/thermoplast.eu\/en\/privacy-and-cookies-policy\/\" \/>\n<meta property=\"og:site_name\" content=\"Thermoplast\" \/>\n<meta property=\"article:publisher\" content=\"https:\/\/www.facebook.com\/Thermoplast-Sp-z-oo-137147659682317\" \/>\n<meta property=\"article:modified_time\" content=\"2024-01-09T11:22:14+00:00\" \/>\n<meta name=\"twitter:card\" content=\"summary_large_image\" \/>\n<meta name=\"twitter:label1\" content=\"Est. reading time\" \/>\n\t<meta name=\"twitter:data1\" content=\"9 minutes\" \/>\n<script type=\"application\/ld+json\" class=\"yoast-schema-graph\">{\"@context\":\"https:\\\/\\\/schema.org\",\"@graph\":[{\"@type\":\"WebPage\",\"@id\":\"https:\\\/\\\/thermoplast.eu\\\/en\\\/privacy-and-cookies-policy\\\/\",\"url\":\"https:\\\/\\\/thermoplast.eu\\\/en\\\/privacy-and-cookies-policy\\\/\",\"name\":\"PRIVACY AND COOKIES POLICY - Thermoplast\",\"isPartOf\":{\"@id\":\"https:\\\/\\\/thermoplast.eu\\\/#website\"},\"datePublished\":\"2021-03-23T13:59:12+00:00\",\"dateModified\":\"2024-01-09T11:22:14+00:00\",\"breadcrumb\":{\"@id\":\"https:\\\/\\\/thermoplast.eu\\\/en\\\/privacy-and-cookies-policy\\\/#breadcrumb\"},\"inLanguage\":\"en-US\",\"potentialAction\":[{\"@type\":\"ReadAction\",\"target\":[\"https:\\\/\\\/thermoplast.eu\\\/en\\\/privacy-and-cookies-policy\\\/\"]}]},{\"@type\":\"BreadcrumbList\",\"@id\":\"https:\\\/\\\/thermoplast.eu\\\/en\\\/privacy-and-cookies-policy\\\/#breadcrumb\",\"itemListElement\":[{\"@type\":\"ListItem\",\"position\":1,\"name\":\"Strona g\u0142\u00f3wna\",\"item\":\"https:\\\/\\\/thermoplast.eu\\\/en\\\/\"},{\"@type\":\"ListItem\",\"position\":2,\"name\":\"PRIVACY AND COOKIES POLICY\"}]},{\"@type\":\"WebSite\",\"@id\":\"https:\\\/\\\/thermoplast.eu\\\/#website\",\"url\":\"https:\\\/\\\/thermoplast.eu\\\/\",\"name\":\"Thermoplast\",\"description\":\"Producent profili z tworzyw sztucznych\",\"publisher\":{\"@id\":\"https:\\\/\\\/thermoplast.eu\\\/#organization\"},\"potentialAction\":[{\"@type\":\"SearchAction\",\"target\":{\"@type\":\"EntryPoint\",\"urlTemplate\":\"https:\\\/\\\/thermoplast.eu\\\/?s={search_term_string}\"},\"query-input\":{\"@type\":\"PropertyValueSpecification\",\"valueRequired\":true,\"valueName\":\"search_term_string\"}}],\"inLanguage\":\"en-US\"},{\"@type\":\"Organization\",\"@id\":\"https:\\\/\\\/thermoplast.eu\\\/#organization\",\"name\":\"Thermoplast Super S.A.\",\"url\":\"https:\\\/\\\/thermoplast.eu\\\/\",\"logo\":{\"@type\":\"ImageObject\",\"inLanguage\":\"en-US\",\"@id\":\"https:\\\/\\\/thermoplast.eu\\\/#\\\/schema\\\/logo\\\/image\\\/\",\"url\":\"https:\\\/\\\/thermoplast.eu\\\/wp-content\\\/uploads\\\/2017\\\/02\\\/logo_org.png\",\"contentUrl\":\"https:\\\/\\\/thermoplast.eu\\\/wp-content\\\/uploads\\\/2017\\\/02\\\/logo_org.png\",\"width\":469,\"height\":176,\"caption\":\"Thermoplast Super S.A.\"},\"image\":{\"@id\":\"https:\\\/\\\/thermoplast.eu\\\/#\\\/schema\\\/logo\\\/image\\\/\"},\"sameAs\":[\"https:\\\/\\\/www.facebook.com\\\/Thermoplast-Sp-z-oo-137147659682317\",\"https:\\\/\\\/www.linkedin.com\\\/company\\\/7250253\",\"https:\\\/\\\/www.youtube.com\\\/channel\\\/UCqu_qzsv1431IOAwbIojngA\"]},false]}<\/script>\n<!-- \/ Yoast SEO plugin. -->","yoast_head_json":{"title":"PRIVACY AND COOKIES POLICY - Thermoplast","robots":{"index":"index","follow":"follow","max-snippet":"max-snippet:-1","max-image-preview":"max-image-preview:large","max-video-preview":"max-video-preview:-1"},"canonical":"https:\/\/thermoplast.eu\/en\/privacy-and-cookies-policy\/","og_locale":"en_US","og_type":"article","og_title":"PRIVACY AND COOKIES POLICY - Thermoplast","og_description":"PRIVACY AND COOKIES POLICY I GENERAL PROVISIONS: II TYPE OF PERSONAL DATA PROCESSED, PURPOSE AND SCOPE OF DATA COLLECTION PURPOSE OF PROCESSING AND LEGAL BASIS.&nbsp; The [\u2026]","og_url":"https:\/\/thermoplast.eu\/en\/privacy-and-cookies-policy\/","og_site_name":"Thermoplast","article_publisher":"https:\/\/www.facebook.com\/Thermoplast-Sp-z-oo-137147659682317","article_modified_time":"2024-01-09T11:22:14+00:00","twitter_card":"summary_large_image","twitter_misc":{"Est. reading time":"9 minutes"},"schema":{"@context":"https:\/\/schema.org","@graph":[{"@type":"WebPage","@id":"https:\/\/thermoplast.eu\/en\/privacy-and-cookies-policy\/","url":"https:\/\/thermoplast.eu\/en\/privacy-and-cookies-policy\/","name":"PRIVACY AND COOKIES POLICY - Thermoplast","isPartOf":{"@id":"https:\/\/thermoplast.eu\/#website"},"datePublished":"2021-03-23T13:59:12+00:00","dateModified":"2024-01-09T11:22:14+00:00","breadcrumb":{"@id":"https:\/\/thermoplast.eu\/en\/privacy-and-cookies-policy\/#breadcrumb"},"inLanguage":"en-US","potentialAction":[{"@type":"ReadAction","target":["https:\/\/thermoplast.eu\/en\/privacy-and-cookies-policy\/"]}]},{"@type":"BreadcrumbList","@id":"https:\/\/thermoplast.eu\/en\/privacy-and-cookies-policy\/#breadcrumb","itemListElement":[{"@type":"ListItem","position":1,"name":"Strona g\u0142\u00f3wna","item":"https:\/\/thermoplast.eu\/en\/"},{"@type":"ListItem","position":2,"name":"PRIVACY AND COOKIES POLICY"}]},{"@type":"WebSite","@id":"https:\/\/thermoplast.eu\/#website","url":"https:\/\/thermoplast.eu\/","name":"Thermoplast","description":"Producent profili z tworzyw sztucznych","publisher":{"@id":"https:\/\/thermoplast.eu\/#organization"},"potentialAction":[{"@type":"SearchAction","target":{"@type":"EntryPoint","urlTemplate":"https:\/\/thermoplast.eu\/?s={search_term_string}"},"query-input":{"@type":"PropertyValueSpecification","valueRequired":true,"valueName":"search_term_string"}}],"inLanguage":"en-US"},{"@type":"Organization","@id":"https:\/\/thermoplast.eu\/#organization","name":"Thermoplast Super S.A.","url":"https:\/\/thermoplast.eu\/","logo":{"@type":"ImageObject","inLanguage":"en-US","@id":"https:\/\/thermoplast.eu\/#\/schema\/logo\/image\/","url":"https:\/\/thermoplast.eu\/wp-content\/uploads\/2017\/02\/logo_org.png","contentUrl":"https:\/\/thermoplast.eu\/wp-content\/uploads\/2017\/02\/logo_org.png","width":469,"height":176,"caption":"Thermoplast Super S.A."},"image":{"@id":"https:\/\/thermoplast.eu\/#\/schema\/logo\/image\/"},"sameAs":["https:\/\/www.facebook.com\/Thermoplast-Sp-z-oo-137147659682317","https:\/\/www.linkedin.com\/company\/7250253","https:\/\/www.youtube.com\/channel\/UCqu_qzsv1431IOAwbIojngA"]},false]}},"yasr_visitor_votes":{"stars_attributes":{"read_only":false,"span_bottom":false},"number_of_votes":0,"sum_votes":0},"_links":{"self":[{"href":"https:\/\/thermoplast.eu\/en\/wp-json\/wp\/v2\/pages\/6390","targetHints":{"allow":["GET"]}}],"collection":[{"href":"https:\/\/thermoplast.eu\/en\/wp-json\/wp\/v2\/pages"}],"about":[{"href":"https:\/\/thermoplast.eu\/en\/wp-json\/wp\/v2\/types\/page"}],"author":[{"embeddable":true,"href":"https:\/\/thermoplast.eu\/en\/wp-json\/wp\/v2\/users\/1"}],"replies":[{"embeddable":true,"href":"https:\/\/thermoplast.eu\/en\/wp-json\/wp\/v2\/comments?post=6390"}],"version-history":[{"count":2,"href":"https:\/\/thermoplast.eu\/en\/wp-json\/wp\/v2\/pages\/6390\/revisions"}],"predecessor-version":[{"id":6535,"href":"https:\/\/thermoplast.eu\/en\/wp-json\/wp\/v2\/pages\/6390\/revisions\/6535"}],"wp:attachment":[{"href":"https:\/\/thermoplast.eu\/en\/wp-json\/wp\/v2\/media?parent=6390"}],"curies":[{"name":"wp","href":"https:\/\/api.w.org\/{rel}","templated":true}]}}