{"id":4823,"date":"2021-06-11T08:46:45","date_gmt":"2021-06-11T06:46:45","guid":{"rendered":"https:\/\/thermoplast.eu\/products\/fence-strip\/system-simple-line\/"},"modified":"2024-02-11T17:57:27","modified_gmt":"2024-02-11T16:57:27","slug":"simple-line-system","status":"publish","type":"page","link":"https:\/\/thermoplast.eu\/en\/products\/fence-strip\/simple-line-system\/","title":{"rendered":"SIMPLE LINE SYSTEM"},"content":{"rendered":"<div style='text-align:center' class='yasr-auto-insert-visitor'><!--Yasr Visitor Votes Shortcode--><div id='yasr_visitor_votes_072f2e9f45fc6' class='yasr-visitor-votes'><div class=\"yasr-custom-text-vv-before yasr-custom-text-vv-before-4823\">Oce\u0144 artyku\u0142<\/div><div id='yasr-vv-second-row-container-072f2e9f45fc6'\r\n                                        class='yasr-vv-second-row-container'><div id='yasr-visitor-votes-rater-072f2e9f45fc6'\r\n                                      class='yasr-rater-stars-vv'\r\n                                      data-rater-postid='4823'\r\n                                      data-rating='0'\r\n                                      data-rater-starsize='24'\r\n                                      data-rater-readonly='false'\r\n                                      data-rater-nonce='705e59d185'\r\n                                      data-issingular='false'\r\n                                    ><\/div><div class=\"yasr-vv-stats-text-container\" id=\"yasr-vv-stats-text-container-072f2e9f45fc6\"><span id=\"yasr-vv-text-container-072f2e9f45fc6\" class=\"yasr-vv-text-container\">[Wszystkich g\u0142os\u00f3w: <span id=\"yasr-vv-votes-number-container-072f2e9f45fc6\">0<\/span> \u015arednia: <span id=\"yasr-vv-average-container-072f2e9f45fc6\">0<\/span>]<\/span><\/div><div id='yasr-vv-loader-072f2e9f45fc6' class='yasr-vv-container-loader'><\/div><\/div><div id='yasr-vv-bottom-container-072f2e9f45fc6'\r\n                              class='yasr-vv-bottom-container'\r\n                              style='display:none'><\/div><\/div><!--End Yasr Visitor Votes Shortcode--><\/div>","protected":false},"excerpt":{"rendered":"<p>Oce\u0144 artyku\u0142[Wszystkich g\u0142os\u00f3w: 0 \u015arednia: 0]<\/p>\n","protected":false},"author":1,"featured_media":4755,"parent":4770,"menu_order":0,"comment_status":"closed","ping_status":"closed","template":"","meta":{"yasr_overall_rating":0,"yasr_post_is_review":"","yasr_auto_insert_disabled":"","yasr_review_type":"","footnotes":""},"class_list":["post-4823","page","type-page","status-publish","has-post-thumbnail","hentry"],"yoast_head":"<!-- This site is optimized with the Yoast SEO plugin v27.4 - https:\/\/yoast.com\/product\/yoast-seo-wordpress\/ -->\n<title>SIMPLE LINE SYSTEM - Thermoplast<\/title>\n<meta name=\"description\" content=\"The Simple Line system is an aesthetic and very functional panel cover dedicated to 2D (no ribs) and 3D (with ribs) fence panels.\" \/>\n<meta name=\"robots\" content=\"index, follow, max-snippet:-1, max-image-preview:large, max-video-preview:-1\" \/>\n<link rel=\"canonical\" href=\"https:\/\/thermoplast.eu\/produkty\/tasmy-ogrodzeniowe\/system-simple-line\/\" \/>\n<meta property=\"og:locale\" content=\"en_US\" \/>\n<meta property=\"og:type\" content=\"article\" \/>\n<meta property=\"og:title\" content=\"SIMPLE LINE SYSTEM - Thermoplast\" \/>\n<meta property=\"og:description\" content=\"The Simple Line system is an aesthetic and very functional panel cover dedicated to 2D (no ribs) and 3D (with ribs) fence panels.\" \/>\n<meta property=\"og:url\" content=\"https:\/\/thermoplast.eu\/produkty\/tasmy-ogrodzeniowe\/system-simple-line\/\" \/>\n<meta property=\"og:site_name\" content=\"Thermoplast\" \/>\n<meta property=\"article:publisher\" content=\"https:\/\/www.facebook.com\/Thermoplast-Sp-z-oo-137147659682317\" \/>\n<meta property=\"article:modified_time\" content=\"2024-02-11T16:57:27+00:00\" \/>\n<meta property=\"og:image\" content=\"https:\/\/thermoplast.eu\/wp-content\/uploads\/2021\/06\/fb-simpleLine.jpg\" \/>\n\t<meta property=\"og:image:width\" content=\"820\" \/>\n\t<meta property=\"og:image:height\" content=\"360\" \/>\n\t<meta property=\"og:image:type\" content=\"image\/jpeg\" \/>\n<meta name=\"twitter:card\" content=\"summary_large_image\" \/>\n<script type=\"application\/ld+json\" class=\"yoast-schema-graph\">{\"@context\":\"https:\\\/\\\/schema.org\",\"@graph\":[{\"@type\":\"WebPage\",\"@id\":\"https:\\\/\\\/thermoplast.eu\\\/produkty\\\/tasmy-ogrodzeniowe\\\/system-simple-line\\\/\",\"url\":\"https:\\\/\\\/thermoplast.eu\\\/produkty\\\/tasmy-ogrodzeniowe\\\/system-simple-line\\\/\",\"name\":\"SIMPLE LINE SYSTEM - Thermoplast\",\"isPartOf\":{\"@id\":\"https:\\\/\\\/thermoplast.eu\\\/#website\"},\"primaryImageOfPage\":{\"@id\":\"https:\\\/\\\/thermoplast.eu\\\/produkty\\\/tasmy-ogrodzeniowe\\\/system-simple-line\\\/#primaryimage\"},\"image\":{\"@id\":\"https:\\\/\\\/thermoplast.eu\\\/produkty\\\/tasmy-ogrodzeniowe\\\/system-simple-line\\\/#primaryimage\"},\"thumbnailUrl\":\"https:\\\/\\\/thermoplast.eu\\\/wp-content\\\/uploads\\\/2021\\\/06\\\/fb-simpleLine.jpg\",\"datePublished\":\"2021-06-11T06:46:45+00:00\",\"dateModified\":\"2024-02-11T16:57:27+00:00\",\"description\":\"The Simple Line system is an aesthetic and very functional panel cover dedicated to 2D (no ribs) and 3D (with ribs) fence panels.\",\"breadcrumb\":{\"@id\":\"https:\\\/\\\/thermoplast.eu\\\/produkty\\\/tasmy-ogrodzeniowe\\\/system-simple-line\\\/#breadcrumb\"},\"inLanguage\":\"en-US\",\"potentialAction\":[{\"@type\":\"ReadAction\",\"target\":[\"https:\\\/\\\/thermoplast.eu\\\/produkty\\\/tasmy-ogrodzeniowe\\\/system-simple-line\\\/\"]}]},{\"@type\":\"ImageObject\",\"inLanguage\":\"en-US\",\"@id\":\"https:\\\/\\\/thermoplast.eu\\\/produkty\\\/tasmy-ogrodzeniowe\\\/system-simple-line\\\/#primaryimage\",\"url\":\"https:\\\/\\\/thermoplast.eu\\\/wp-content\\\/uploads\\\/2021\\\/06\\\/fb-simpleLine.jpg\",\"contentUrl\":\"https:\\\/\\\/thermoplast.eu\\\/wp-content\\\/uploads\\\/2021\\\/06\\\/fb-simpleLine.jpg\",\"width\":820,\"height\":360,\"caption\":\"fb-simpleLine\"},{\"@type\":\"BreadcrumbList\",\"@id\":\"https:\\\/\\\/thermoplast.eu\\\/produkty\\\/tasmy-ogrodzeniowe\\\/system-simple-line\\\/#breadcrumb\",\"itemListElement\":[{\"@type\":\"ListItem\",\"position\":1,\"name\":\"Strona g\u0142\u00f3wna\",\"item\":\"https:\\\/\\\/thermoplast.eu\\\/en\\\/\"},{\"@type\":\"ListItem\",\"position\":2,\"name\":\"PRODUCTS\",\"item\":\"https:\\\/\\\/thermoplast.eu\\\/en\\\/products\\\/\"},{\"@type\":\"ListItem\",\"position\":3,\"name\":\"Fence Strip\",\"item\":\"https:\\\/\\\/thermoplast.eu\\\/produkty\\\/tasmy-ogrodzeniowe\\\/\"},{\"@type\":\"ListItem\",\"position\":4,\"name\":\"SIMPLE LINE SYSTEM\"}]},{\"@type\":\"WebSite\",\"@id\":\"https:\\\/\\\/thermoplast.eu\\\/#website\",\"url\":\"https:\\\/\\\/thermoplast.eu\\\/\",\"name\":\"Thermoplast\",\"description\":\"Producent profili z tworzyw sztucznych\",\"publisher\":{\"@id\":\"https:\\\/\\\/thermoplast.eu\\\/#organization\"},\"potentialAction\":[{\"@type\":\"SearchAction\",\"target\":{\"@type\":\"EntryPoint\",\"urlTemplate\":\"https:\\\/\\\/thermoplast.eu\\\/?s={search_term_string}\"},\"query-input\":{\"@type\":\"PropertyValueSpecification\",\"valueRequired\":true,\"valueName\":\"search_term_string\"}}],\"inLanguage\":\"en-US\"},{\"@type\":\"Organization\",\"@id\":\"https:\\\/\\\/thermoplast.eu\\\/#organization\",\"name\":\"Thermoplast Super S.A.\",\"url\":\"https:\\\/\\\/thermoplast.eu\\\/\",\"logo\":{\"@type\":\"ImageObject\",\"inLanguage\":\"en-US\",\"@id\":\"https:\\\/\\\/thermoplast.eu\\\/#\\\/schema\\\/logo\\\/image\\\/\",\"url\":\"https:\\\/\\\/thermoplast.eu\\\/wp-content\\\/uploads\\\/2017\\\/02\\\/logo_org.png\",\"contentUrl\":\"https:\\\/\\\/thermoplast.eu\\\/wp-content\\\/uploads\\\/2017\\\/02\\\/logo_org.png\",\"width\":469,\"height\":176,\"caption\":\"Thermoplast Super S.A.\"},\"image\":{\"@id\":\"https:\\\/\\\/thermoplast.eu\\\/#\\\/schema\\\/logo\\\/image\\\/\"},\"sameAs\":[\"https:\\\/\\\/www.facebook.com\\\/Thermoplast-Sp-z-oo-137147659682317\",\"https:\\\/\\\/www.linkedin.com\\\/company\\\/7250253\",\"https:\\\/\\\/www.youtube.com\\\/channel\\\/UCqu_qzsv1431IOAwbIojngA\"]},false]}<\/script>\n<!-- \/ Yoast SEO plugin. -->","yoast_head_json":{"title":"SIMPLE LINE SYSTEM - Thermoplast","description":"The Simple Line system is an aesthetic and very functional panel cover dedicated to 2D (no ribs) and 3D (with ribs) fence panels.","robots":{"index":"index","follow":"follow","max-snippet":"max-snippet:-1","max-image-preview":"max-image-preview:large","max-video-preview":"max-video-preview:-1"},"canonical":"https:\/\/thermoplast.eu\/produkty\/tasmy-ogrodzeniowe\/system-simple-line\/","og_locale":"en_US","og_type":"article","og_title":"SIMPLE LINE SYSTEM - Thermoplast","og_description":"The Simple Line system is an aesthetic and very functional panel cover dedicated to 2D (no ribs) and 3D (with ribs) fence panels.","og_url":"https:\/\/thermoplast.eu\/produkty\/tasmy-ogrodzeniowe\/system-simple-line\/","og_site_name":"Thermoplast","article_publisher":"https:\/\/www.facebook.com\/Thermoplast-Sp-z-oo-137147659682317","article_modified_time":"2024-02-11T16:57:27+00:00","og_image":[{"width":820,"height":360,"url":"https:\/\/thermoplast.eu\/wp-content\/uploads\/2021\/06\/fb-simpleLine.jpg","type":"image\/jpeg"}],"twitter_card":"summary_large_image","schema":{"@context":"https:\/\/schema.org","@graph":[{"@type":"WebPage","@id":"https:\/\/thermoplast.eu\/produkty\/tasmy-ogrodzeniowe\/system-simple-line\/","url":"https:\/\/thermoplast.eu\/produkty\/tasmy-ogrodzeniowe\/system-simple-line\/","name":"SIMPLE LINE SYSTEM - Thermoplast","isPartOf":{"@id":"https:\/\/thermoplast.eu\/#website"},"primaryImageOfPage":{"@id":"https:\/\/thermoplast.eu\/produkty\/tasmy-ogrodzeniowe\/system-simple-line\/#primaryimage"},"image":{"@id":"https:\/\/thermoplast.eu\/produkty\/tasmy-ogrodzeniowe\/system-simple-line\/#primaryimage"},"thumbnailUrl":"https:\/\/thermoplast.eu\/wp-content\/uploads\/2021\/06\/fb-simpleLine.jpg","datePublished":"2021-06-11T06:46:45+00:00","dateModified":"2024-02-11T16:57:27+00:00","description":"The Simple Line system is an aesthetic and very functional panel cover dedicated to 2D (no ribs) and 3D (with ribs) fence panels.","breadcrumb":{"@id":"https:\/\/thermoplast.eu\/produkty\/tasmy-ogrodzeniowe\/system-simple-line\/#breadcrumb"},"inLanguage":"en-US","potentialAction":[{"@type":"ReadAction","target":["https:\/\/thermoplast.eu\/produkty\/tasmy-ogrodzeniowe\/system-simple-line\/"]}]},{"@type":"ImageObject","inLanguage":"en-US","@id":"https:\/\/thermoplast.eu\/produkty\/tasmy-ogrodzeniowe\/system-simple-line\/#primaryimage","url":"https:\/\/thermoplast.eu\/wp-content\/uploads\/2021\/06\/fb-simpleLine.jpg","contentUrl":"https:\/\/thermoplast.eu\/wp-content\/uploads\/2021\/06\/fb-simpleLine.jpg","width":820,"height":360,"caption":"fb-simpleLine"},{"@type":"BreadcrumbList","@id":"https:\/\/thermoplast.eu\/produkty\/tasmy-ogrodzeniowe\/system-simple-line\/#breadcrumb","itemListElement":[{"@type":"ListItem","position":1,"name":"Strona g\u0142\u00f3wna","item":"https:\/\/thermoplast.eu\/en\/"},{"@type":"ListItem","position":2,"name":"PRODUCTS","item":"https:\/\/thermoplast.eu\/en\/products\/"},{"@type":"ListItem","position":3,"name":"Fence Strip","item":"https:\/\/thermoplast.eu\/produkty\/tasmy-ogrodzeniowe\/"},{"@type":"ListItem","position":4,"name":"SIMPLE LINE SYSTEM"}]},{"@type":"WebSite","@id":"https:\/\/thermoplast.eu\/#website","url":"https:\/\/thermoplast.eu\/","name":"Thermoplast","description":"Producent profili z tworzyw sztucznych","publisher":{"@id":"https:\/\/thermoplast.eu\/#organization"},"potentialAction":[{"@type":"SearchAction","target":{"@type":"EntryPoint","urlTemplate":"https:\/\/thermoplast.eu\/?s={search_term_string}"},"query-input":{"@type":"PropertyValueSpecification","valueRequired":true,"valueName":"search_term_string"}}],"inLanguage":"en-US"},{"@type":"Organization","@id":"https:\/\/thermoplast.eu\/#organization","name":"Thermoplast Super S.A.","url":"https:\/\/thermoplast.eu\/","logo":{"@type":"ImageObject","inLanguage":"en-US","@id":"https:\/\/thermoplast.eu\/#\/schema\/logo\/image\/","url":"https:\/\/thermoplast.eu\/wp-content\/uploads\/2017\/02\/logo_org.png","contentUrl":"https:\/\/thermoplast.eu\/wp-content\/uploads\/2017\/02\/logo_org.png","width":469,"height":176,"caption":"Thermoplast Super S.A."},"image":{"@id":"https:\/\/thermoplast.eu\/#\/schema\/logo\/image\/"},"sameAs":["https:\/\/www.facebook.com\/Thermoplast-Sp-z-oo-137147659682317","https:\/\/www.linkedin.com\/company\/7250253","https:\/\/www.youtube.com\/channel\/UCqu_qzsv1431IOAwbIojngA"]},false]}},"yasr_visitor_votes":{"stars_attributes":{"read_only":false,"span_bottom":false},"number_of_votes":0,"sum_votes":0},"_links":{"self":[{"href":"https:\/\/thermoplast.eu\/en\/wp-json\/wp\/v2\/pages\/4823","targetHints":{"allow":["GET"]}}],"collection":[{"href":"https:\/\/thermoplast.eu\/en\/wp-json\/wp\/v2\/pages"}],"about":[{"href":"https:\/\/thermoplast.eu\/en\/wp-json\/wp\/v2\/types\/page"}],"author":[{"embeddable":true,"href":"https:\/\/thermoplast.eu\/en\/wp-json\/wp\/v2\/users\/1"}],"replies":[{"embeddable":true,"href":"https:\/\/thermoplast.eu\/en\/wp-json\/wp\/v2\/comments?post=4823"}],"version-history":[{"count":1,"href":"https:\/\/thermoplast.eu\/en\/wp-json\/wp\/v2\/pages\/4823\/revisions"}],"predecessor-version":[{"id":4830,"href":"https:\/\/thermoplast.eu\/en\/wp-json\/wp\/v2\/pages\/4823\/revisions\/4830"}],"up":[{"embeddable":true,"href":"https:\/\/thermoplast.eu\/en\/wp-json\/wp\/v2\/pages\/4770"}],"wp:featuredmedia":[{"embeddable":true,"href":"https:\/\/thermoplast.eu\/en\/wp-json\/wp\/v2\/media\/4755"}],"wp:attachment":[{"href":"https:\/\/thermoplast.eu\/en\/wp-json\/wp\/v2\/media?parent=4823"}],"curies":[{"name":"wp","href":"https:\/\/api.w.org\/{rel}","templated":true}]}}