{"id":5901,"date":"2023-01-25T12:31:54","date_gmt":"2023-01-25T11:31:54","guid":{"rendered":"https:\/\/thermoplast.eu\/servicecenter\/instrukcje-i-filmy-instruktazowe\/"},"modified":"2023-02-07T11:33:13","modified_gmt":"2023-02-07T10:33:13","slug":"anweisungen-und-schulungsfilme","status":"publish","type":"page","link":"https:\/\/thermoplast.eu\/de\/servicecenter\/anweisungen-und-schulungsfilme\/","title":{"rendered":"Anweisungen und Schulungsfilme"},"content":{"rendered":"<div style='text-align:center' class='yasr-auto-insert-visitor'><!--Yasr Visitor Votes Shortcode--><div id='yasr_visitor_votes_4ccaa9e3597f6' class='yasr-visitor-votes'><div class=\"yasr-custom-text-vv-before yasr-custom-text-vv-before-5901\">Oce\u0144 artyku\u0142<\/div><div id='yasr-vv-second-row-container-4ccaa9e3597f6'\r\n                                        class='yasr-vv-second-row-container'><div id='yasr-visitor-votes-rater-4ccaa9e3597f6'\r\n                                      class='yasr-rater-stars-vv'\r\n                                      data-rater-postid='5901'\r\n                                      data-rating='0'\r\n                                      data-rater-starsize='24'\r\n                                      data-rater-readonly='false'\r\n                                      data-rater-nonce='705e59d185'\r\n                                      data-issingular='false'\r\n                                    ><\/div><div class=\"yasr-vv-stats-text-container\" id=\"yasr-vv-stats-text-container-4ccaa9e3597f6\"><span id=\"yasr-vv-text-container-4ccaa9e3597f6\" class=\"yasr-vv-text-container\">[Wszystkich g\u0142os\u00f3w: <span id=\"yasr-vv-votes-number-container-4ccaa9e3597f6\">0<\/span> \u015arednia: <span id=\"yasr-vv-average-container-4ccaa9e3597f6\">0<\/span>]<\/span><\/div><div id='yasr-vv-loader-4ccaa9e3597f6' class='yasr-vv-container-loader'><\/div><\/div><div id='yasr-vv-bottom-container-4ccaa9e3597f6'\r\n                              class='yasr-vv-bottom-container'\r\n                              style='display:none'><\/div><\/div><!--End Yasr Visitor Votes Shortcode--><\/div>","protected":false},"excerpt":{"rendered":"<p>Oce\u0144 artyku\u0142[Wszystkich g\u0142os\u00f3w: 0 \u015arednia: 0]<\/p>\n","protected":false},"author":1,"featured_media":0,"parent":2244,"menu_order":0,"comment_status":"closed","ping_status":"closed","template":"","meta":{"yasr_overall_rating":0,"yasr_post_is_review":"","yasr_auto_insert_disabled":"","yasr_review_type":"","footnotes":""},"class_list":["post-5901","page","type-page","status-publish","hentry"],"yoast_head":"<!-- This site is optimized with the Yoast SEO plugin v27.4 - https:\/\/yoast.com\/product\/yoast-seo-wordpress\/ -->\n<title>Anweisungen und Schulungsfilme<\/title>\n<meta name=\"description\" content=\"Thermoplast-Anleitungen und Anleitungsvideos ansehen\" \/>\n<meta name=\"robots\" content=\"index, follow, max-snippet:-1, max-image-preview:large, max-video-preview:-1\" \/>\n<link rel=\"canonical\" href=\"https:\/\/thermoplast.eu\/de\/servicecenter\/anweisungen-und-schulungsfilme\/\" \/>\n<meta property=\"og:locale\" content=\"de_DE\" \/>\n<meta property=\"og:type\" content=\"article\" \/>\n<meta property=\"og:title\" content=\"Anweisungen und Schulungsfilme\" \/>\n<meta property=\"og:description\" content=\"Thermoplast-Anleitungen und Anleitungsvideos ansehen\" \/>\n<meta property=\"og:url\" content=\"https:\/\/thermoplast.eu\/de\/servicecenter\/anweisungen-und-schulungsfilme\/\" \/>\n<meta property=\"og:site_name\" content=\"Thermoplast\" \/>\n<meta property=\"article:publisher\" content=\"https:\/\/www.facebook.com\/Thermoplast-Sp-z-oo-137147659682317\" \/>\n<meta property=\"article:modified_time\" content=\"2023-02-07T10:33:13+00:00\" \/>\n<meta name=\"twitter:card\" content=\"summary_large_image\" \/>\n<script type=\"application\/ld+json\" class=\"yoast-schema-graph\">{\"@context\":\"https:\\\/\\\/schema.org\",\"@graph\":[{\"@type\":\"WebPage\",\"@id\":\"https:\\\/\\\/thermoplast.eu\\\/de\\\/servicecenter\\\/anweisungen-und-schulungsfilme\\\/\",\"url\":\"https:\\\/\\\/thermoplast.eu\\\/de\\\/servicecenter\\\/anweisungen-und-schulungsfilme\\\/\",\"name\":\"Anweisungen und Schulungsfilme\",\"isPartOf\":{\"@id\":\"https:\\\/\\\/thermoplast.eu\\\/#website\"},\"datePublished\":\"2023-01-25T11:31:54+00:00\",\"dateModified\":\"2023-02-07T10:33:13+00:00\",\"description\":\"Thermoplast-Anleitungen und Anleitungsvideos ansehen\",\"breadcrumb\":{\"@id\":\"https:\\\/\\\/thermoplast.eu\\\/de\\\/servicecenter\\\/anweisungen-und-schulungsfilme\\\/#breadcrumb\"},\"inLanguage\":\"de\",\"potentialAction\":[{\"@type\":\"ReadAction\",\"target\":[\"https:\\\/\\\/thermoplast.eu\\\/de\\\/servicecenter\\\/anweisungen-und-schulungsfilme\\\/\"]}]},{\"@type\":\"BreadcrumbList\",\"@id\":\"https:\\\/\\\/thermoplast.eu\\\/de\\\/servicecenter\\\/anweisungen-und-schulungsfilme\\\/#breadcrumb\",\"itemListElement\":[{\"@type\":\"ListItem\",\"position\":1,\"name\":\"Strona g\u0142\u00f3wna\",\"item\":\"https:\\\/\\\/thermoplast.eu\\\/de\\\/\"},{\"@type\":\"ListItem\",\"position\":2,\"name\":\"SERVICECENTER\",\"item\":\"https:\\\/\\\/thermoplast.eu\\\/de\\\/servicecenter\\\/\"},{\"@type\":\"ListItem\",\"position\":3,\"name\":\"Anweisungen und Schulungsfilme\"}]},{\"@type\":\"WebSite\",\"@id\":\"https:\\\/\\\/thermoplast.eu\\\/#website\",\"url\":\"https:\\\/\\\/thermoplast.eu\\\/\",\"name\":\"Thermoplast\",\"description\":\"Producent profili z tworzyw sztucznych\",\"publisher\":{\"@id\":\"https:\\\/\\\/thermoplast.eu\\\/#organization\"},\"potentialAction\":[{\"@type\":\"SearchAction\",\"target\":{\"@type\":\"EntryPoint\",\"urlTemplate\":\"https:\\\/\\\/thermoplast.eu\\\/?s={search_term_string}\"},\"query-input\":{\"@type\":\"PropertyValueSpecification\",\"valueRequired\":true,\"valueName\":\"search_term_string\"}}],\"inLanguage\":\"de\"},{\"@type\":\"Organization\",\"@id\":\"https:\\\/\\\/thermoplast.eu\\\/#organization\",\"name\":\"Thermoplast Super S.A.\",\"url\":\"https:\\\/\\\/thermoplast.eu\\\/\",\"logo\":{\"@type\":\"ImageObject\",\"inLanguage\":\"de\",\"@id\":\"https:\\\/\\\/thermoplast.eu\\\/#\\\/schema\\\/logo\\\/image\\\/\",\"url\":\"https:\\\/\\\/thermoplast.eu\\\/wp-content\\\/uploads\\\/2017\\\/02\\\/logo_org.png\",\"contentUrl\":\"https:\\\/\\\/thermoplast.eu\\\/wp-content\\\/uploads\\\/2017\\\/02\\\/logo_org.png\",\"width\":469,\"height\":176,\"caption\":\"Thermoplast Super S.A.\"},\"image\":{\"@id\":\"https:\\\/\\\/thermoplast.eu\\\/#\\\/schema\\\/logo\\\/image\\\/\"},\"sameAs\":[\"https:\\\/\\\/www.facebook.com\\\/Thermoplast-Sp-z-oo-137147659682317\",\"https:\\\/\\\/www.linkedin.com\\\/company\\\/7250253\",\"https:\\\/\\\/www.youtube.com\\\/channel\\\/UCqu_qzsv1431IOAwbIojngA\"]},false]}<\/script>\n<!-- \/ Yoast SEO plugin. -->","yoast_head_json":{"title":"Anweisungen und Schulungsfilme","description":"Thermoplast-Anleitungen und Anleitungsvideos ansehen","robots":{"index":"index","follow":"follow","max-snippet":"max-snippet:-1","max-image-preview":"max-image-preview:large","max-video-preview":"max-video-preview:-1"},"canonical":"https:\/\/thermoplast.eu\/de\/servicecenter\/anweisungen-und-schulungsfilme\/","og_locale":"de_DE","og_type":"article","og_title":"Anweisungen und Schulungsfilme","og_description":"Thermoplast-Anleitungen und Anleitungsvideos ansehen","og_url":"https:\/\/thermoplast.eu\/de\/servicecenter\/anweisungen-und-schulungsfilme\/","og_site_name":"Thermoplast","article_publisher":"https:\/\/www.facebook.com\/Thermoplast-Sp-z-oo-137147659682317","article_modified_time":"2023-02-07T10:33:13+00:00","twitter_card":"summary_large_image","schema":{"@context":"https:\/\/schema.org","@graph":[{"@type":"WebPage","@id":"https:\/\/thermoplast.eu\/de\/servicecenter\/anweisungen-und-schulungsfilme\/","url":"https:\/\/thermoplast.eu\/de\/servicecenter\/anweisungen-und-schulungsfilme\/","name":"Anweisungen und Schulungsfilme","isPartOf":{"@id":"https:\/\/thermoplast.eu\/#website"},"datePublished":"2023-01-25T11:31:54+00:00","dateModified":"2023-02-07T10:33:13+00:00","description":"Thermoplast-Anleitungen und Anleitungsvideos ansehen","breadcrumb":{"@id":"https:\/\/thermoplast.eu\/de\/servicecenter\/anweisungen-und-schulungsfilme\/#breadcrumb"},"inLanguage":"de","potentialAction":[{"@type":"ReadAction","target":["https:\/\/thermoplast.eu\/de\/servicecenter\/anweisungen-und-schulungsfilme\/"]}]},{"@type":"BreadcrumbList","@id":"https:\/\/thermoplast.eu\/de\/servicecenter\/anweisungen-und-schulungsfilme\/#breadcrumb","itemListElement":[{"@type":"ListItem","position":1,"name":"Strona g\u0142\u00f3wna","item":"https:\/\/thermoplast.eu\/de\/"},{"@type":"ListItem","position":2,"name":"SERVICECENTER","item":"https:\/\/thermoplast.eu\/de\/servicecenter\/"},{"@type":"ListItem","position":3,"name":"Anweisungen und Schulungsfilme"}]},{"@type":"WebSite","@id":"https:\/\/thermoplast.eu\/#website","url":"https:\/\/thermoplast.eu\/","name":"Thermoplast","description":"Producent profili z tworzyw sztucznych","publisher":{"@id":"https:\/\/thermoplast.eu\/#organization"},"potentialAction":[{"@type":"SearchAction","target":{"@type":"EntryPoint","urlTemplate":"https:\/\/thermoplast.eu\/?s={search_term_string}"},"query-input":{"@type":"PropertyValueSpecification","valueRequired":true,"valueName":"search_term_string"}}],"inLanguage":"de"},{"@type":"Organization","@id":"https:\/\/thermoplast.eu\/#organization","name":"Thermoplast Super S.A.","url":"https:\/\/thermoplast.eu\/","logo":{"@type":"ImageObject","inLanguage":"de","@id":"https:\/\/thermoplast.eu\/#\/schema\/logo\/image\/","url":"https:\/\/thermoplast.eu\/wp-content\/uploads\/2017\/02\/logo_org.png","contentUrl":"https:\/\/thermoplast.eu\/wp-content\/uploads\/2017\/02\/logo_org.png","width":469,"height":176,"caption":"Thermoplast Super S.A."},"image":{"@id":"https:\/\/thermoplast.eu\/#\/schema\/logo\/image\/"},"sameAs":["https:\/\/www.facebook.com\/Thermoplast-Sp-z-oo-137147659682317","https:\/\/www.linkedin.com\/company\/7250253","https:\/\/www.youtube.com\/channel\/UCqu_qzsv1431IOAwbIojngA"]},false]}},"yasr_visitor_votes":{"stars_attributes":{"read_only":false,"span_bottom":false},"number_of_votes":0,"sum_votes":0},"_links":{"self":[{"href":"https:\/\/thermoplast.eu\/de\/wp-json\/wp\/v2\/pages\/5901","targetHints":{"allow":["GET"]}}],"collection":[{"href":"https:\/\/thermoplast.eu\/de\/wp-json\/wp\/v2\/pages"}],"about":[{"href":"https:\/\/thermoplast.eu\/de\/wp-json\/wp\/v2\/types\/page"}],"author":[{"embeddable":true,"href":"https:\/\/thermoplast.eu\/de\/wp-json\/wp\/v2\/users\/1"}],"replies":[{"embeddable":true,"href":"https:\/\/thermoplast.eu\/de\/wp-json\/wp\/v2\/comments?post=5901"}],"version-history":[{"count":1,"href":"https:\/\/thermoplast.eu\/de\/wp-json\/wp\/v2\/pages\/5901\/revisions"}],"predecessor-version":[{"id":5903,"href":"https:\/\/thermoplast.eu\/de\/wp-json\/wp\/v2\/pages\/5901\/revisions\/5903"}],"up":[{"embeddable":true,"href":"https:\/\/thermoplast.eu\/de\/wp-json\/wp\/v2\/pages\/2244"}],"wp:attachment":[{"href":"https:\/\/thermoplast.eu\/de\/wp-json\/wp\/v2\/media?parent=5901"}],"curies":[{"name":"wp","href":"https:\/\/api.w.org\/{rel}","templated":true}]}}